{"id":5869,"date":"2025-11-04T05:48:55","date_gmt":"2025-11-04T10:48:55","guid":{"rendered":"https:\/\/csem.ubmepsilon.com\/comite-de-defense-des-interets\/"},"modified":"2025-11-04T06:18:02","modified_gmt":"2025-11-04T11:18:02","slug":"comite-de-defense-des-interets","status":"publish","type":"page","link":"https:\/\/csem.ubmepsilon.com\/fr\/comite-de-defense-des-interets\/","title":{"rendered":"Comit\u00e9 de d\u00e9fense des int\u00e9r\u00eats"},"content":{"rendered":"<p>[et_pb_section fb_built=\u00a0\u00bb1&Prime; custom_padding_last_edited=\u00a0\u00bbon|tablet\u00a0\u00bb admin_label=\u00a0\u00bbSection\u00a0\u00bb module_class=\u00a0\u00bbjoin-section\u00a0\u00bb _builder_version=\u00a0\u00bb4.27.4&Prime; _module_preset=\u00a0\u00bbdefault\u00a0\u00bb custom_padding=\u00a0\u00bb0px|20px|50px|20px|false|false\u00a0\u00bb custom_padding_tablet=\u00a0\u00bb20px|20px|20px|20px|false|false\u00a0\u00bb custom_padding_phone=\u00a0\u00bb20px|20px|20px|20px|false|false\u00a0\u00bb custom_css_main_element=\u00a0\u00bboverflow-x:hidden;\u00a0\u00bb da_disable_devices=\u00a0\u00bboff|off|off\u00a0\u00bb locked=\u00a0\u00bboff\u00a0\u00bb global_colors_info=\u00a0\u00bb{}\u00a0\u00bb da_is_popup=\u00a0\u00bboff\u00a0\u00bb da_exit_intent=\u00a0\u00bboff\u00a0\u00bb da_has_close=\u00a0\u00bbon\u00a0\u00bb da_alt_close=\u00a0\u00bboff\u00a0\u00bb da_dark_close=\u00a0\u00bboff\u00a0\u00bb da_not_modal=\u00a0\u00bbon\u00a0\u00bb da_is_singular=\u00a0\u00bboff\u00a0\u00bb da_with_loader=\u00a0\u00bboff\u00a0\u00bb da_has_shadow=\u00a0\u00bbon\u00a0\u00bb][et_pb_row use_custom_gutter=\u00a0\u00bbon\u00a0\u00bb gutter_width=\u00a0\u00bb1&Prime; make_equal=\u00a0\u00bbon\u00a0\u00bb _builder_version=\u00a0\u00bb4.27.4&Prime; _module_preset=\u00a0\u00bbdefault\u00a0\u00bb width=\u00a0\u00bb100%\u00a0\u00bb custom_padding=\u00a0\u00bb0px||0px||false|false\u00a0\u00bb custom_css_main_element=\u00a0\u00bbdisplay: flex;||align-items: center;\u00a0\u00bb global_colors_info=\u00a0\u00bb{}\u00a0\u00bb custom_css_main_element_last_edited=\u00a0\u00bbon|desktop\u00a0\u00bb custom_css_main_element_tablet=\u00a0\u00bbflex-direction:column;\u00a0\u00bb custom_css_main_element_phone=\u00a0\u00bbflex-direction:column;\u00a0\u00bb][et_pb_column type=\u00a0\u00bb4_4&Prime; _builder_version=\u00a0\u00bb4.27.4&Prime; _module_preset=\u00a0\u00bbdefault\u00a0\u00bb background_enable_color=\u00a0\u00bboff\u00a0\u00bb custom_padding=\u00a0\u00bb100px|40px|100px|0px|true|false\u00a0\u00bb custom_padding_tablet=\u00a0\u00bb50px|60px|50px|60px|true|false\u00a0\u00bb custom_padding_phone=\u00a0\u00bb20px|53px|20px|53px|true|true\u00a0\u00bb custom_padding_last_edited=\u00a0\u00bbon|phone\u00a0\u00bb animation_style=\u00a0\u00bbfade\u00a0\u00bb animation_direction=\u00a0\u00bbleft\u00a0\u00bb custom_css_before=\u00a0\u00bbcontent:\u00a0\u00bb;||position: absolute;||width: calc(100% + 80px);||height: 100%;||top:0;||right:0px;||background:#203A56;||border-top-right-radius: 30px;||border-bottom-right-radius:30px;\u00a0\u00bb custom_css_main_element=\u00a0\u00bbdisplay: flex;||align-items:center;||position: relative;||justify-content:center;||padding-right: 50px;\u00a0\u00bb global_colors_info=\u00a0\u00bb{%22gcid-secondary-color%22:%91%22background_color%22%93}\u00a0\u00bb custom_css_before_last_edited=\u00a0\u00bbon|phone\u00a0\u00bb custom_css_before_phone=\u00a0\u00bbcontent:\u00a0\u00bb;||position: absolute;||width: calc(100% + 80px);||height: 100%;||top:0;||right:0px;||background:#203A56;||border-top-right-radius: 15px;||border-bottom-right-radius:15px;\u00a0\u00bb custom_css_before_tablet=\u00a0\u00bbcontent:\u00a0\u00bb;||position: absolute;||width: calc(100% + 80px);||height: 100%;||top:0;||right:0px;||background:#203A56;||border-top-right-radius: 30px;||border-bottom-right-radius:30px;\u00a0\u00bb][et_pb_heading title=\u00a0\u00bb@ET-DC@eyJkeW5hbWljIjp0cnVlLCJjb250ZW50IjoicG9zdF90aXRsZSIsInNldHRpbmdzIjp7ImJlZm9yZSI6IiIsImFmdGVyIjoiIn19@\u00a0\u00bb module_class=\u00a0\u00bbside-section-title\u00a0\u00bb _builder_version=\u00a0\u00bb4.27.4&Prime; _dynamic_attributes=\u00a0\u00bbtitle\u00a0\u00bb _module_preset=\u00a0\u00bbdefault\u00a0\u00bb title_level=\u00a0\u00bbh3&Prime; title_font=\u00a0\u00bb&#8211;et_global_heading_font|500|||||||\u00a0\u00bb title_text_align=\u00a0\u00bbcenter\u00a0\u00bb title_text_color=\u00a0\u00bb#FFFFFF\u00a0\u00bb title_font_size=\u00a0\u00bb40px\u00a0\u00bb title_line_height=\u00a0\u00bb56px\u00a0\u00bb custom_margin=\u00a0\u00bb||||false|false\u00a0\u00bb custom_padding=\u00a0\u00bb||0px||false|false\u00a0\u00bb custom_padding_tablet=\u00a0\u00bb||0px||false|false\u00a0\u00bb custom_padding_phone=\u00a0\u00bb||0px||false|false\u00a0\u00bb custom_padding_last_edited=\u00a0\u00bbon|phone\u00a0\u00bb title_font_size_tablet=\u00a0\u00bb32px\u00a0\u00bb title_font_size_phone=\u00a0\u00bb24px\u00a0\u00bb title_font_size_last_edited=\u00a0\u00bbon|phone\u00a0\u00bb title_line_height_tablet=\u00a0\u00bb42px\u00a0\u00bb title_line_height_phone=\u00a0\u00bb32px\u00a0\u00bb title_line_height_last_edited=\u00a0\u00bbon|tablet\u00a0\u00bb custom_css_main_element=\u00a0\u00bbpadding-bottom: 0&Prime; global_colors_info=\u00a0\u00bb{}\u00a0\u00bb][\/et_pb_heading][et_pb_text module_class=\u00a0\u00bbabout-text\u00a0\u00bb _builder_version=\u00a0\u00bb4.27.4&Prime; _module_preset=\u00a0\u00bbdefault\u00a0\u00bb text_font=\u00a0\u00bb|600|||||||\u00a0\u00bb text_font_size=\u00a0\u00bb24px\u00a0\u00bb text_line_height=\u00a0\u00bb40px\u00a0\u00bb max_width=\u00a0\u00bb998px\u00a0\u00bb custom_margin=\u00a0\u00bb||0px||false|false\u00a0\u00bb custom_margin_tablet=\u00a0\u00bb||30px||false|false\u00a0\u00bb custom_margin_phone=\u00a0\u00bb||20px||false|false\u00a0\u00bb custom_margin_last_edited=\u00a0\u00bbon|phone\u00a0\u00bb animation_style=\u00a0\u00bbfade\u00a0\u00bb text_font_size_tablet=\u00a0\u00bb22px\u00a0\u00bb text_font_size_phone=\u00a0\u00bb18px\u00a0\u00bb text_font_size_last_edited=\u00a0\u00bbon|tablet\u00a0\u00bb text_line_height_tablet=\u00a0\u00bb32px\u00a0\u00bb text_line_height_phone=\u00a0\u00bb32px\u00a0\u00bb text_line_height_last_edited=\u00a0\u00bbon|desktop\u00a0\u00bb text_orientation_tablet=\u00a0\u00bb\u00a0\u00bb text_orientation_phone=\u00a0\u00bbcenter\u00a0\u00bb text_orientation_last_edited=\u00a0\u00bbon|phone\u00a0\u00bb global_colors_info=\u00a0\u00bb{}\u00a0\u00bb][\/et_pb_text][\/et_pb_column][\/et_pb_row][\/et_pb_section][et_pb_section fb_built=\u00a0\u00bb1&Prime; custom_padding_last_edited=\u00a0\u00bbon|tablet\u00a0\u00bb admin_label=\u00a0\u00bbSection\u00a0\u00bb module_id=\u00a0\u00bbcommittee\u00a0\u00bb _builder_version=\u00a0\u00bb4.27.4&Prime; _module_preset=\u00a0\u00bbdefault\u00a0\u00bb custom_padding=\u00a0\u00bb0px|20px|50px|20px|false|false\u00a0\u00bb custom_padding_tablet=\u00a0\u00bb20px|20px|20px|20px|false|false\u00a0\u00bb custom_padding_phone=\u00a0\u00bb20px|20px|20px|20px|false|false\u00a0\u00bb custom_css_main_element=\u00a0\u00bboverflow-x:hidden;\u00a0\u00bb custom_css_free_form=\u00a0\u00bb.buttons-links{||  display: flex;||  justify-content:flex-start;||  grid-gap: 10px;||  flex-wrap:wrap;||  margin-top: 20px;||}||.buttons-links .link-button{||\t\tpadding: 0px 25px 0 25px;||    border-radius: 10px;||    background-color:#c14746;||    min-height: 65px;||    display: flex;||    align-items:center;||  \ttext-align:center;||    color: #fff;||    font-size: 16px;||    font-weight: 500;||    cursor: pointer;||    border: unset;||}||.buttons-links .link-button.blue-button{||  \tbackground-color:#406b99;||}||.buttons-links .link-button:hover{||  background-color:rgba(193, 71, 70, .7);||}||.buttons-links .link-button.blue-button:hover{||  background-color:rgba(64, 107, 153,  .7);||}||||@media screen and (max-width: 480px) {||  \t.buttons-links .link-button.blue-button ,||    .buttons-links .link-button {||        min-height: 40px;||        font-size: 12px;||    }||}||||||\u00a0\u00bb da_popup_slug=\u00a0\u00bbcommittee\u00a0\u00bb da_disable_devices=\u00a0\u00bboff|off|off\u00a0\u00bb border_width_top=\u00a0\u00bb1px\u00a0\u00bb border_color_top=\u00a0\u00bb#ebebeb\u00a0\u00bb locked=\u00a0\u00bboff\u00a0\u00bb global_colors_info=\u00a0\u00bb{}\u00a0\u00bb da_is_popup=\u00a0\u00bboff\u00a0\u00bb da_exit_intent=\u00a0\u00bboff\u00a0\u00bb da_has_close=\u00a0\u00bbon\u00a0\u00bb da_alt_close=\u00a0\u00bboff\u00a0\u00bb da_dark_close=\u00a0\u00bboff\u00a0\u00bb da_not_modal=\u00a0\u00bbon\u00a0\u00bb da_is_singular=\u00a0\u00bboff\u00a0\u00bb da_with_loader=\u00a0\u00bboff\u00a0\u00bb da_has_shadow=\u00a0\u00bbon\u00a0\u00bb][et_pb_row use_custom_gutter=\u00a0\u00bbon\u00a0\u00bb gutter_width=\u00a0\u00bb1&Prime; custom_padding_last_edited=\u00a0\u00bbon|tablet\u00a0\u00bb _builder_version=\u00a0\u00bb4.27.4&Prime; _module_preset=\u00a0\u00bbdefault\u00a0\u00bb width=\u00a0\u00bb100%\u00a0\u00bb custom_padding=\u00a0\u00bb||0px||false|false\u00a0\u00bb custom_padding_tablet=\u00a0\u00bb0px||||false|false\u00a0\u00bb custom_padding_phone=\u00a0\u00bb0px||||false|false\u00a0\u00bb global_colors_info=\u00a0\u00bb{}\u00a0\u00bb][et_pb_column type=\u00a0\u00bb4_4&Prime; _builder_version=\u00a0\u00bb4.27.4&Prime; _module_preset=\u00a0\u00bbdefault\u00a0\u00bb global_colors_info=\u00a0\u00bb{}\u00a0\u00bb][et_pb_heading title=\u00a0\u00bbD\u00e9claration de la SCEM\u00a0\u00bb _builder_version=\u00a0\u00bb4.27.4&Prime; _module_preset=\u00a0\u00bbdefault\u00a0\u00bb title_level=\u00a0\u00bbh2&Prime; title_text_align=\u00a0\u00bbcenter\u00a0\u00bb custom_margin=\u00a0\u00bb0px||20px||false|false\u00a0\u00bb custom_padding=\u00a0\u00bb||||false|false\u00a0\u00bb animation_style=\u00a0\u00bbfade\u00a0\u00bb title_font_size_tablet=\u00a0\u00bb24px\u00a0\u00bb title_font_size_phone=\u00a0\u00bb20px\u00a0\u00bb title_font_size_last_edited=\u00a0\u00bbon|tablet\u00a0\u00bb global_colors_info=\u00a0\u00bb{}\u00a0\u00bb][\/et_pb_heading][\/et_pb_column][\/et_pb_row][et_pb_row custom_padding_last_edited=\u00a0\u00bbon|phone\u00a0\u00bb module_class=\u00a0\u00bbcategory-row\u00a0\u00bb _builder_version=\u00a0\u00bb4.27.4&Prime; _module_preset=\u00a0\u00bbdefault\u00a0\u00bb width=\u00a0\u00bb100%\u00a0\u00bb max_width=\u00a0\u00bb1480px\u00a0\u00bb custom_margin=\u00a0\u00bb||30px||false|false\u00a0\u00bb custom_margin_tablet=\u00a0\u00bb||30px||false|false\u00a0\u00bb custom_margin_phone=\u00a0\u00bb||20px||false|false\u00a0\u00bb custom_margin_last_edited=\u00a0\u00bbon|phone\u00a0\u00bb custom_padding=\u00a0\u00bb|50px||50px|false|false\u00a0\u00bb custom_padding_tablet=\u00a0\u00bb|30px||30px|false|false\u00a0\u00bb custom_padding_phone=\u00a0\u00bb|20px||20px|false|false\u00a0\u00bb animation_style=\u00a0\u00bbfade\u00a0\u00bb animation_direction=\u00a0\u00bbleft\u00a0\u00bb animation_duration=\u00a0\u00bb700ms\u00a0\u00bb hover_enabled=\u00a0\u00bb0&Prime; custom_css_before=\u00a0\u00bbcontent:\u00a0\u00bb;||width: calc(100% + 220px);||height: 100%;||position: absolute;||right:0px;||top:0;||background:#7d1b1a;||border-top-right-radius: 30px;||border-bottom-right-radius: 30px;||transition:0.3s;\u00a0\u00bb locked=\u00a0\u00bboff\u00a0\u00bb global_colors_info=\u00a0\u00bb{}\u00a0\u00bb custom_css_before_last_edited=\u00a0\u00bbon|phone\u00a0\u00bb sticky_enabled=\u00a0\u00bb0&Prime; custom_css_before_phone=\u00a0\u00bbcontent:\u00a0\u00bb;||width: calc(100% + 220px);||height: 100%;||position: absolute;||right:0px;||top:0;||background:#7d1b1a;||border-top-right-radius: 20px;||border-bottom-right-radius:20px;||transition:0.3s;\u00a0\u00bb custom_css_before_tablet=\u00a0\u00bbcontent:\u00a0\u00bb;||width: calc(100% + 220px);||height: 100%;||position: absolute;||right:0px;||top:0;||background:#7d1b1a;||border-top-right-radius: 30px;||border-bottom-right-radius: 30px;||transition:0.3s;\u00a0\u00bb][et_pb_column type=\u00a0\u00bb4_4&Prime; module_class=\u00a0\u00bbcategory-col\u00a0\u00bb _builder_version=\u00a0\u00bb4.27.4&Prime; _module_preset=\u00a0\u00bbdefault\u00a0\u00bb global_colors_info=\u00a0\u00bb{}\u00a0\u00bb][et_pb_blurb title=\u00a0\u00bbL&rsquo;Adoption du project de loi 2 par l&rsquo;Assembl\u00e9e nationale du Qu\u00e9bec\u00a0\u00bb content_max_width=\u00a0\u00bb100%\u00a0\u00bb module_class=\u00a0\u00bbcategory-title \u00a0\u00bb _builder_version=\u00a0\u00bb4.27.4&Prime; _module_preset=\u00a0\u00bbdefault\u00a0\u00bb header_level=\u00a0\u00bbh3&Prime; header_font=\u00a0\u00bb|&#8211;et_global_body_font_weight|||||||\u00a0\u00bb header_text_color=\u00a0\u00bb#FFFFFF\u00a0\u00bb body_text_color=\u00a0\u00bb#FFFFFF\u00a0\u00bb custom_margin=\u00a0\u00bb||0px||false|false\u00a0\u00bb header_font_size_tablet=\u00a0\u00bb22px\u00a0\u00bb header_font_size_phone=\u00a0\u00bb20px\u00a0\u00bb header_font_size_last_edited=\u00a0\u00bbon|phone\u00a0\u00bb body_font_size_tablet=\u00a0\u00bb\u00a0\u00bb body_font_size_phone=\u00a0\u00bb14px\u00a0\u00bb body_font_size_last_edited=\u00a0\u00bbon|phone\u00a0\u00bb custom_css_main_element=\u00a0\u00bbpadding-right: 50px;\u00a0\u00bb custom_css_after=\u00a0\u00bbcontent:\u00a0\u00bb;||display:inline-block;||width: 30px;||height:30px;||background-image:url(&lsquo;\/wp-content\/uploads\/2025\/02\/arrow-down.png&rsquo;);||background-size:cover;||position:absolute;||right:0;||top:4px;||transition:0.3s;\u00a0\u00bb custom_css_free_form=\u00a0\u00bb.category-title h3{||  padding-bottom: 0!important||}||.category-col.active .category-title{||  margin-bottom: 15px!important;||}\u00a0\u00bb global_colors_info=\u00a0\u00bb{}\u00a0\u00bb]<\/p>\n<p><em>31 Octobre, 2025<\/em><\/p>\n<p>[\/et_pb_blurb][et_pb_text module_class=\u00a0\u00bbcollapse-description\u00a0\u00bb _builder_version=\u00a0\u00bb4.27.4&Prime; _module_preset=\u00a0\u00bbdefault\u00a0\u00bb text_font=\u00a0\u00bb||||||||\u00a0\u00bb text_text_color=\u00a0\u00bb#FFFFFF\u00a0\u00bb link_text_color=\u00a0\u00bb#FFFFFF\u00a0\u00bb text_font_size_tablet=\u00a0\u00bb14px\u00a0\u00bb text_font_size_phone=\u00a0\u00bb12px\u00a0\u00bb text_font_size_last_edited=\u00a0\u00bbon|tablet\u00a0\u00bb global_colors_info=\u00a0\u00bb{}\u00a0\u00bb]<\/p>\n<p>La Soci\u00e9t\u00e9 canadienne d\u2019endocrinologie et du m\u00e9tabolisme (SCEM) exprime son appui total aux endocrinologues du Qu\u00e9bec, membres d\u00e9vou\u00e9s qui travaillent sans rel\u00e2che au service des patients de la province. Nous sommes profond\u00e9ment pr\u00e9occup\u00e9s par l\u2019adoption du projet de loi 2 par le gouvernement du Qu\u00e9bec, qui impose un nouveau r\u00e9gime de r\u00e9mun\u00e9ration des m\u00e9decins et lie une partie du salaire \u00e0 des cibles de performance. <\/p>\n<p>Pour les endocrinologues, dont la pratique repose sur la prise en charge continue de maladies chroniques telles que le diab\u00e8te, les troubles thyro\u00efdiens, hypophysaires, surr\u00e9naliens et osseux, la qualit\u00e9 des soins d\u00e9pend du temps consacr\u00e9 \u00e0 chaque patient, du suivi \u00e0 long terme et du travail interdisciplinaire. Un mod\u00e8le de r\u00e9mun\u00e9ration ax\u00e9 principalement sur le nombre de patients ou sur des indicateurs restreints pourrait compromettre cette qualit\u00e9 de soins et fragiliser la relation patient-m\u00e9decin. <\/p>\n<p>La SCEM partage les pr\u00e9occupations exprim\u00e9es par <span><a href=\"https:\/\/www.cma.ca\/about-us\/what-we-do\/press-room\/adoption-bill-2-will-have-detrimental-effect-quebecs-health-network\">l\u2019Association m\u00e9dicale canadienne (AMC)<\/a><\/span>, selon lesquelles l\u2019adoption du projet de loi 2 risque d\u2019accro\u00eetre la pression sur les m\u00e9decins, de favoriser l\u2019\u00e9puisement professionnel, de diminuer l\u2019attractivit\u00e9 de la pratique au Qu\u00e9bec et, ultimement, de nuire \u00e0 l\u2019acc\u00e8s aux soins.<\/p>\n<p>Nous r\u00e9affirmons notre solidarit\u00e9 envers nos coll\u00e8gues endocrinologues du Qu\u00e9bec et d\u2019ailleurs au Canada. Fid\u00e8le \u00e0 sa mission, la SCEM continuera de promouvoir l\u2019excellence en endocrinologie et en m\u00e9tabolisme par la recherche, la formation et la d\u00e9fense de conditions de pratique propices \u00e0 des soins optimaux pour les patients. <\/p>\n<p>[\/et_pb_text][\/et_pb_column][\/et_pb_row][\/et_pb_section]<\/p>\n","protected":false},"excerpt":{"rendered":"<p>31 Octobre, 2025La Soci\u00e9t\u00e9 canadienne d\u2019endocrinologie et du m\u00e9tabolisme (SCEM) exprime son appui total aux endocrinologues du Qu\u00e9bec, membres d\u00e9vou\u00e9s qui travaillent sans rel\u00e2che au service des patients de la [&hellip;]<\/p>\n","protected":false},"author":1,"featured_media":0,"parent":0,"menu_order":0,"comment_status":"closed","ping_status":"closed","template":"","meta":{"_et_pb_use_builder":"on","_et_pb_old_content":"","_et_gb_content_width":"","inline_featured_image":false,"footnotes":""},"class_list":["post-5869","page","type-page","status-publish","hentry"],"yoast_head":"<!-- This site is optimized with the Yoast SEO plugin v27.4 - https:\/\/yoast.com\/product\/yoast-seo-wordpress\/ -->\n<title>Comit\u00e9 de d\u00e9fense des int\u00e9r\u00eats - CSEM<\/title>\n<meta name=\"robots\" content=\"noindex, follow, max-snippet:-1, max-image-preview:large, max-video-preview:-1\" \/>\n<meta property=\"og:locale\" content=\"fr_FR\" \/>\n<meta property=\"og:type\" content=\"article\" \/>\n<meta property=\"og:title\" content=\"Comit\u00e9 de d\u00e9fense des int\u00e9r\u00eats - CSEM\" \/>\n<meta property=\"og:description\" content=\"31 Octobre, 2025La Soci\u00e9t\u00e9 canadienne d\u2019endocrinologie et du m\u00e9tabolisme (SCEM) exprime son appui total aux endocrinologues du Qu\u00e9bec, membres d\u00e9vou\u00e9s qui travaillent sans rel\u00e2che au service des patients de la [&hellip;]\" \/>\n<meta property=\"og:url\" content=\"https:\/\/csem.ubmepsilon.com\/fr\/comite-de-defense-des-interets\/\" \/>\n<meta property=\"og:site_name\" content=\"CSEM\" \/>\n<meta property=\"article:modified_time\" content=\"2025-11-04T11:18:02+00:00\" \/>\n<meta name=\"twitter:card\" content=\"summary_large_image\" \/>\n<meta name=\"twitter:site\" content=\"@CSEM_SCEM\" \/>\n<meta name=\"twitter:label1\" content=\"Dur\u00e9e de lecture estim\u00e9e\" \/>\n\t<meta name=\"twitter:data1\" content=\"7 minutes\" \/>\n<script type=\"application\/ld+json\" class=\"yoast-schema-graph\">{\"@context\":\"https:\\\/\\\/schema.org\",\"@graph\":[{\"@type\":\"WebPage\",\"@id\":\"https:\\\/\\\/csem.ubmepsilon.com\\\/fr\\\/comite-de-defense-des-interets\\\/\",\"url\":\"https:\\\/\\\/csem.ubmepsilon.com\\\/fr\\\/comite-de-defense-des-interets\\\/\",\"name\":\"Comit\u00e9 de d\u00e9fense des int\u00e9r\u00eats - CSEM\",\"isPartOf\":{\"@id\":\"https:\\\/\\\/csem.ubmepsilon.com\\\/fr\\\/#website\"},\"datePublished\":\"2025-11-04T10:48:55+00:00\",\"dateModified\":\"2025-11-04T11:18:02+00:00\",\"breadcrumb\":{\"@id\":\"https:\\\/\\\/csem.ubmepsilon.com\\\/fr\\\/comite-de-defense-des-interets\\\/#breadcrumb\"},\"inLanguage\":\"fr-FR\",\"potentialAction\":[{\"@type\":\"ReadAction\",\"target\":[\"https:\\\/\\\/csem.ubmepsilon.com\\\/fr\\\/comite-de-defense-des-interets\\\/\"]}]},{\"@type\":\"BreadcrumbList\",\"@id\":\"https:\\\/\\\/csem.ubmepsilon.com\\\/fr\\\/comite-de-defense-des-interets\\\/#breadcrumb\",\"itemListElement\":[{\"@type\":\"ListItem\",\"position\":1,\"name\":\"Home\",\"item\":\"https:\\\/\\\/csem.ubmepsilon.com\\\/fr\\\/\"},{\"@type\":\"ListItem\",\"position\":2,\"name\":\"Comit\u00e9 de d\u00e9fense des int\u00e9r\u00eats\"}]},{\"@type\":\"WebSite\",\"@id\":\"https:\\\/\\\/csem.ubmepsilon.com\\\/fr\\\/#website\",\"url\":\"https:\\\/\\\/csem.ubmepsilon.com\\\/fr\\\/\",\"name\":\"CSEM\",\"description\":\"The Canadian Society of Endocrinology and Metabolism\",\"publisher\":{\"@id\":\"https:\\\/\\\/csem.ubmepsilon.com\\\/fr\\\/#organization\"},\"potentialAction\":[{\"@type\":\"SearchAction\",\"target\":{\"@type\":\"EntryPoint\",\"urlTemplate\":\"https:\\\/\\\/csem.ubmepsilon.com\\\/fr\\\/?s={search_term_string}\"},\"query-input\":{\"@type\":\"PropertyValueSpecification\",\"valueRequired\":true,\"valueName\":\"search_term_string\"}}],\"inLanguage\":\"fr-FR\"},{\"@type\":\"Organization\",\"@id\":\"https:\\\/\\\/csem.ubmepsilon.com\\\/fr\\\/#organization\",\"name\":\"The Canadian Society of Endocrinology and Metabolism\",\"url\":\"https:\\\/\\\/csem.ubmepsilon.com\\\/fr\\\/\",\"logo\":{\"@type\":\"ImageObject\",\"inLanguage\":\"fr-FR\",\"@id\":\"https:\\\/\\\/csem.ubmepsilon.com\\\/fr\\\/#\\\/schema\\\/logo\\\/image\\\/\",\"url\":\"https:\\\/\\\/csem.ubmepsilon.com\\\/wp-content\\\/uploads\\\/2025\\\/03\\\/Primary-Logotype-scaled.webp\",\"contentUrl\":\"https:\\\/\\\/csem.ubmepsilon.com\\\/wp-content\\\/uploads\\\/2025\\\/03\\\/Primary-Logotype-scaled.webp\",\"width\":2560,\"height\":490,\"caption\":\"The Canadian Society of Endocrinology and Metabolism\"},\"image\":{\"@id\":\"https:\\\/\\\/csem.ubmepsilon.com\\\/fr\\\/#\\\/schema\\\/logo\\\/image\\\/\"},\"sameAs\":[\"https:\\\/\\\/x.com\\\/CSEM_SCEM\",\"https:\\\/\\\/www.instagram.com\\\/csem_scem\"]}]}<\/script>\n<!-- \/ Yoast SEO plugin. -->","yoast_head_json":{"title":"Comit\u00e9 de d\u00e9fense des int\u00e9r\u00eats - CSEM","robots":{"index":"noindex","follow":"follow","max-snippet":"max-snippet:-1","max-image-preview":"max-image-preview:large","max-video-preview":"max-video-preview:-1"},"og_locale":"fr_FR","og_type":"article","og_title":"Comit\u00e9 de d\u00e9fense des int\u00e9r\u00eats - CSEM","og_description":"31 Octobre, 2025La Soci\u00e9t\u00e9 canadienne d\u2019endocrinologie et du m\u00e9tabolisme (SCEM) exprime son appui total aux endocrinologues du Qu\u00e9bec, membres d\u00e9vou\u00e9s qui travaillent sans rel\u00e2che au service des patients de la [&hellip;]","og_url":"https:\/\/csem.ubmepsilon.com\/fr\/comite-de-defense-des-interets\/","og_site_name":"CSEM","article_modified_time":"2025-11-04T11:18:02+00:00","twitter_card":"summary_large_image","twitter_site":"@CSEM_SCEM","twitter_misc":{"Dur\u00e9e de lecture estim\u00e9e":"7 minutes"},"schema":{"@context":"https:\/\/schema.org","@graph":[{"@type":"WebPage","@id":"https:\/\/csem.ubmepsilon.com\/fr\/comite-de-defense-des-interets\/","url":"https:\/\/csem.ubmepsilon.com\/fr\/comite-de-defense-des-interets\/","name":"Comit\u00e9 de d\u00e9fense des int\u00e9r\u00eats - CSEM","isPartOf":{"@id":"https:\/\/csem.ubmepsilon.com\/fr\/#website"},"datePublished":"2025-11-04T10:48:55+00:00","dateModified":"2025-11-04T11:18:02+00:00","breadcrumb":{"@id":"https:\/\/csem.ubmepsilon.com\/fr\/comite-de-defense-des-interets\/#breadcrumb"},"inLanguage":"fr-FR","potentialAction":[{"@type":"ReadAction","target":["https:\/\/csem.ubmepsilon.com\/fr\/comite-de-defense-des-interets\/"]}]},{"@type":"BreadcrumbList","@id":"https:\/\/csem.ubmepsilon.com\/fr\/comite-de-defense-des-interets\/#breadcrumb","itemListElement":[{"@type":"ListItem","position":1,"name":"Home","item":"https:\/\/csem.ubmepsilon.com\/fr\/"},{"@type":"ListItem","position":2,"name":"Comit\u00e9 de d\u00e9fense des int\u00e9r\u00eats"}]},{"@type":"WebSite","@id":"https:\/\/csem.ubmepsilon.com\/fr\/#website","url":"https:\/\/csem.ubmepsilon.com\/fr\/","name":"CSEM","description":"The Canadian Society of Endocrinology and Metabolism","publisher":{"@id":"https:\/\/csem.ubmepsilon.com\/fr\/#organization"},"potentialAction":[{"@type":"SearchAction","target":{"@type":"EntryPoint","urlTemplate":"https:\/\/csem.ubmepsilon.com\/fr\/?s={search_term_string}"},"query-input":{"@type":"PropertyValueSpecification","valueRequired":true,"valueName":"search_term_string"}}],"inLanguage":"fr-FR"},{"@type":"Organization","@id":"https:\/\/csem.ubmepsilon.com\/fr\/#organization","name":"The Canadian Society of Endocrinology and Metabolism","url":"https:\/\/csem.ubmepsilon.com\/fr\/","logo":{"@type":"ImageObject","inLanguage":"fr-FR","@id":"https:\/\/csem.ubmepsilon.com\/fr\/#\/schema\/logo\/image\/","url":"https:\/\/csem.ubmepsilon.com\/wp-content\/uploads\/2025\/03\/Primary-Logotype-scaled.webp","contentUrl":"https:\/\/csem.ubmepsilon.com\/wp-content\/uploads\/2025\/03\/Primary-Logotype-scaled.webp","width":2560,"height":490,"caption":"The Canadian Society of Endocrinology and Metabolism"},"image":{"@id":"https:\/\/csem.ubmepsilon.com\/fr\/#\/schema\/logo\/image\/"},"sameAs":["https:\/\/x.com\/CSEM_SCEM","https:\/\/www.instagram.com\/csem_scem"]}]}},"publishpress_future_action":{"enabled":false,"date":"2026-04-24 12:50:15","action":"change-status","newStatus":"draft","terms":[],"taxonomy":"translation_priority","extraData":[]},"publishpress_future_workflow_manual_trigger":{"enabledWorkflows":[]},"_links":{"self":[{"href":"https:\/\/csem.ubmepsilon.com\/fr\/wp-json\/wp\/v2\/pages\/5869","targetHints":{"allow":["GET"]}}],"collection":[{"href":"https:\/\/csem.ubmepsilon.com\/fr\/wp-json\/wp\/v2\/pages"}],"about":[{"href":"https:\/\/csem.ubmepsilon.com\/fr\/wp-json\/wp\/v2\/types\/page"}],"author":[{"embeddable":true,"href":"https:\/\/csem.ubmepsilon.com\/fr\/wp-json\/wp\/v2\/users\/1"}],"replies":[{"embeddable":true,"href":"https:\/\/csem.ubmepsilon.com\/fr\/wp-json\/wp\/v2\/comments?post=5869"}],"version-history":[{"count":8,"href":"https:\/\/csem.ubmepsilon.com\/fr\/wp-json\/wp\/v2\/pages\/5869\/revisions"}],"predecessor-version":[{"id":5884,"href":"https:\/\/csem.ubmepsilon.com\/fr\/wp-json\/wp\/v2\/pages\/5869\/revisions\/5884"}],"wp:attachment":[{"href":"https:\/\/csem.ubmepsilon.com\/fr\/wp-json\/wp\/v2\/media?parent=5869"}],"curies":[{"name":"wp","href":"https:\/\/api.w.org\/{rel}","templated":true}]}}