{"id":5594,"date":"2025-06-11T05:30:23","date_gmt":"2025-06-11T09:30:23","guid":{"rendered":"https:\/\/csem.ubmepsilon.com\/dhypurin-insuline-procine\/"},"modified":"2025-10-19T11:52:50","modified_gmt":"2025-10-19T15:52:50","slug":"dhypurin-insuline-procine","status":"publish","type":"page","link":"https:\/\/csem.ubmepsilon.com\/fr\/dhypurin-insuline-procine\/","title":{"rendered":"d\u2019Hypurin (insuline procine)"},"content":{"rendered":"<p>[et_pb_section fb_built=\u00a0\u00bb1&Prime; custom_padding_last_edited=\u00a0\u00bbon|tablet\u00a0\u00bb module_class=\u00a0\u00bbjoin-section\u00a0\u00bb _builder_version=\u00a0\u00bb4.27.4&Prime; _module_preset=\u00a0\u00bbdefault\u00a0\u00bb custom_padding=\u00a0\u00bb0px|20px|50px|20px|false|false\u00a0\u00bb custom_padding_tablet=\u00a0\u00bb20px|20px|20px|20px|false|false\u00a0\u00bb custom_padding_phone=\u00a0\u00bb20px|20px|20px|20px|false|false\u00a0\u00bb custom_css_main_element=\u00a0\u00bboverflow-x:hidden;\u00a0\u00bb da_disable_devices=\u00a0\u00bboff|off|off\u00a0\u00bb locked=\u00a0\u00bboff\u00a0\u00bb global_colors_info=\u00a0\u00bb{}\u00a0\u00bb da_is_popup=\u00a0\u00bboff\u00a0\u00bb da_exit_intent=\u00a0\u00bboff\u00a0\u00bb da_has_close=\u00a0\u00bbon\u00a0\u00bb da_alt_close=\u00a0\u00bboff\u00a0\u00bb da_dark_close=\u00a0\u00bboff\u00a0\u00bb da_not_modal=\u00a0\u00bbon\u00a0\u00bb da_is_singular=\u00a0\u00bboff\u00a0\u00bb da_with_loader=\u00a0\u00bboff\u00a0\u00bb da_has_shadow=\u00a0\u00bbon\u00a0\u00bb][et_pb_row use_custom_gutter=\u00a0\u00bbon\u00a0\u00bb gutter_width=\u00a0\u00bb1&Prime; make_equal=\u00a0\u00bbon\u00a0\u00bb _builder_version=\u00a0\u00bb4.27.4&Prime; _module_preset=\u00a0\u00bbdefault\u00a0\u00bb width=\u00a0\u00bb100%\u00a0\u00bb custom_padding=\u00a0\u00bb0px||0px||false|false\u00a0\u00bb custom_css_main_element=\u00a0\u00bbdisplay: flex;||align-items: center;||\u00a0\u00bb global_colors_info=\u00a0\u00bb{}\u00a0\u00bb custom_css_main_element_last_edited=\u00a0\u00bbon|desktop\u00a0\u00bb custom_css_main_element_tablet=\u00a0\u00bbflex-direction:column;\u00a0\u00bb custom_css_main_element_phone=\u00a0\u00bbflex-direction:column;\u00a0\u00bb][et_pb_column type=\u00a0\u00bb4_4&Prime; _builder_version=\u00a0\u00bb4.27.4&Prime; _module_preset=\u00a0\u00bbdefault\u00a0\u00bb background_enable_color=\u00a0\u00bboff\u00a0\u00bb custom_padding=\u00a0\u00bb100px|20px|100px|20px|true|false\u00a0\u00bb custom_padding_tablet=\u00a0\u00bb50px|20px|50px|20px|true|false\u00a0\u00bb custom_padding_phone=\u00a0\u00bb20px|20px|20px|20px|true|true\u00a0\u00bb custom_padding_last_edited=\u00a0\u00bbon|phone\u00a0\u00bb animation_style=\u00a0\u00bbfade\u00a0\u00bb animation_direction=\u00a0\u00bbleft\u00a0\u00bb custom_css_before=\u00a0\u00bbcontent:\u00a0\u00bb;||position: absolute;||width: calc(100% + 80px);||height: 100%;||top:0;||right:0px;||background:#203A56;||border-top-right-radius: 30px;||border-bottom-right-radius:30px;\u00a0\u00bb custom_css_main_element=\u00a0\u00bbdisplay: flex;||align-items:center;||flex-direction:column;||position: relative;||justify-content:center;||padding-right: 50px;||grid-gap:15px;\u00a0\u00bb global_colors_info=\u00a0\u00bb{%22gcid-secondary-color%22:%91%22background_color%22%93}\u00a0\u00bb custom_css_before_last_edited=\u00a0\u00bbon|phone\u00a0\u00bb custom_css_before_phone=\u00a0\u00bbcontent:\u00a0\u00bb;||position: absolute;||width: calc(100% + 80px);||height: 100%;||top:0;||right:0px;||background:#203A56;||border-top-right-radius: 15px;||border-bottom-right-radius:15px;\u00a0\u00bb custom_css_before_tablet=\u00a0\u00bbcontent:\u00a0\u00bb;||position: absolute;||width: calc(100% + 80px);||height: 100%;||top:0;||right:0px;||background:#203A56;||border-top-right-radius: 30px;||border-bottom-right-radius:30px;\u00a0\u00bb][et_pb_heading title=\u00a0\u00bbAvis d&rsquo;arr\u00eat de la commercialisation d\u2019Hypurin (insuline procine)\u00a0\u00bb module_class=\u00a0\u00bbside-section-title\u00a0\u00bb _builder_version=\u00a0\u00bb4.27.4&Prime; _module_preset=\u00a0\u00bbdefault\u00a0\u00bb title_level=\u00a0\u00bbh3&Prime; title_font=\u00a0\u00bb&#8211;et_global_heading_font|500|||||||\u00a0\u00bb title_text_align=\u00a0\u00bbcenter\u00a0\u00bb title_text_color=\u00a0\u00bb#FFFFFF\u00a0\u00bb title_font_size=\u00a0\u00bb40px\u00a0\u00bb title_line_height=\u00a0\u00bb56px\u00a0\u00bb custom_margin=\u00a0\u00bb||||false|false\u00a0\u00bb custom_padding=\u00a0\u00bb||0px||false|false\u00a0\u00bb custom_padding_tablet=\u00a0\u00bb||0px||false|false\u00a0\u00bb custom_padding_phone=\u00a0\u00bb||0px||false|false\u00a0\u00bb custom_padding_last_edited=\u00a0\u00bbon|phone\u00a0\u00bb title_font_size_tablet=\u00a0\u00bb32px\u00a0\u00bb title_font_size_phone=\u00a0\u00bb24px\u00a0\u00bb title_font_size_last_edited=\u00a0\u00bbon|phone\u00a0\u00bb title_line_height_tablet=\u00a0\u00bb42px\u00a0\u00bb title_line_height_phone=\u00a0\u00bb32px\u00a0\u00bb title_line_height_last_edited=\u00a0\u00bbon|tablet\u00a0\u00bb global_colors_info=\u00a0\u00bb{}\u00a0\u00bb][\/et_pb_heading][\/et_pb_column][\/et_pb_row][\/et_pb_section][et_pb_section fb_built=\u00a0\u00bb1&Prime; custom_padding_last_edited=\u00a0\u00bbon|tablet\u00a0\u00bb module_class=\u00a0\u00bbjoin-section\u00a0\u00bb _builder_version=\u00a0\u00bb4.27.4&Prime; _module_preset=\u00a0\u00bbdefault\u00a0\u00bb custom_padding=\u00a0\u00bb0px|20px|50px|20px|false|false\u00a0\u00bb custom_padding_tablet=\u00a0\u00bb20px|20px|20px|20px|false|false\u00a0\u00bb custom_padding_phone=\u00a0\u00bb20px|20px|20px|20px|false|false\u00a0\u00bb custom_css_main_element=\u00a0\u00bboverflow-x:hidden;\u00a0\u00bb da_disable_devices=\u00a0\u00bboff|off|off\u00a0\u00bb border_width_top=\u00a0\u00bb1px\u00a0\u00bb border_color_top=\u00a0\u00bb#ebebeb\u00a0\u00bb locked=\u00a0\u00bboff\u00a0\u00bb global_colors_info=\u00a0\u00bb{}\u00a0\u00bb da_is_popup=\u00a0\u00bboff\u00a0\u00bb da_exit_intent=\u00a0\u00bboff\u00a0\u00bb da_has_close=\u00a0\u00bbon\u00a0\u00bb da_alt_close=\u00a0\u00bboff\u00a0\u00bb da_dark_close=\u00a0\u00bboff\u00a0\u00bb da_not_modal=\u00a0\u00bbon\u00a0\u00bb da_is_singular=\u00a0\u00bboff\u00a0\u00bb da_with_loader=\u00a0\u00bboff\u00a0\u00bb da_has_shadow=\u00a0\u00bbon\u00a0\u00bb][et_pb_row use_custom_gutter=\u00a0\u00bbon\u00a0\u00bb gutter_width=\u00a0\u00bb1&Prime; custom_padding_last_edited=\u00a0\u00bbon|tablet\u00a0\u00bb _builder_version=\u00a0\u00bb4.27.4&Prime; _module_preset=\u00a0\u00bbdefault\u00a0\u00bb width=\u00a0\u00bb100%\u00a0\u00bb custom_padding=\u00a0\u00bb||0px||false|false\u00a0\u00bb custom_padding_tablet=\u00a0\u00bb0px||||false|false\u00a0\u00bb custom_padding_phone=\u00a0\u00bb0px||||false|false\u00a0\u00bb global_colors_info=\u00a0\u00bb{}\u00a0\u00bb][et_pb_column type=\u00a0\u00bb4_4&Prime; _builder_version=\u00a0\u00bb4.27.4&Prime; _module_preset=\u00a0\u00bbdefault\u00a0\u00bb global_colors_info=\u00a0\u00bb{}\u00a0\u00bb][\/et_pb_column][\/et_pb_row][et_pb_row _builder_version=\u00a0\u00bb4.27.4&Prime; _module_preset=\u00a0\u00bbdefault\u00a0\u00bb width=\u00a0\u00bb100%\u00a0\u00bb max_width=\u00a0\u00bb1280px\u00a0\u00bb custom_padding=\u00a0\u00bb0px||0px||false|false\u00a0\u00bb global_colors_info=\u00a0\u00bb{}\u00a0\u00bb][et_pb_column type=\u00a0\u00bb4_4&Prime; _builder_version=\u00a0\u00bb4.27.4&Prime; _module_preset=\u00a0\u00bbdefault\u00a0\u00bb global_colors_info=\u00a0\u00bb{}\u00a0\u00bb][et_pb_text _builder_version=\u00a0\u00bb4.27.4&Prime; _module_preset=\u00a0\u00bbdefault\u00a0\u00bb text_font_size_tablet=\u00a0\u00bb\u00a0\u00bb text_font_size_phone=\u00a0\u00bb14px\u00a0\u00bb text_font_size_last_edited=\u00a0\u00bbon|phone\u00a0\u00bb header_4_font_size_tablet=\u00a0\u00bb\u00a0\u00bb header_4_font_size_phone=\u00a0\u00bb18px\u00a0\u00bb header_4_font_size_last_edited=\u00a0\u00bbon|phone\u00a0\u00bb global_colors_info=\u00a0\u00bb{}\u00a0\u00bb]<\/p>\n<h4><strong>18 mars 2025<\/strong><\/h4>\n<h4><strong>Notice of animal-sourced insulin discontinuation and management strategies<\/strong><\/h4>\n<p>Wockhardt UK, e seul fournisseur mondial d\u2019insuline porcine actuellement en activit\u00e9, a inform\u00e9 Sant\u00e9 Canada qu\u2019il ne fournira plus de produits d\u2019insuline porcine (Hypurin Regular Pork Insulin et Hypurin NPH) pour le march\u00e9 canadien. Environ 60 \u00e0 100 personnes atteintes de diab\u00e8te d\u00e9pendent de l\u2019insuline d\u2019origine animale et devront passer \u00e0 l\u2019insuline humaine et aux analogues de l\u2019insuline. <\/p>\n<p>Sant\u00e9 Canada collabore avec l\u2019importateur pour surveiller l\u2019approvisionnement restants et herche un moyen de prolonger l\u2019offre de l\u2019insuline d\u2019origine animale en important un lot autoris\u00e9 par le Royaume-Uni qui expire en mai 2026. Aucun stock suppl\u00e9mentaire de ces m\u00e9dicaments ne sera disponible une fois ce stock \u00e9puis\u00e9. <\/p>\n<h4><strong>Options de prise en charge <\/strong><\/h4>\n<p>En pr\u00e9vision de l\u2019arr\u00eat du produit sur le march\u00e9 canadien, les endocrinologues doivent prendre en compte les \u00e9l\u00e9ments suivants :<\/p>\n<ul>\n<li>\u00c9viter d\u2019initier de nouveaux patients \u00e0 ce produit, car l\u2019approvisionnement sera impossible<\/li>\n<li>\u00c9viter de commander ou de servir de grandes quantit\u00e9s d\u2019insuline Hypurin.<\/li>\n<li>Discuter avec les patients des m\u00e9dicaments alternatifs pour le diab\u00e8te. D\u2019autres formes d\u2019insuline sont <g id=\"gid_1\"><g id=\"gid_2\">disponibl<\/g><\/g>es. D\u2019autres agents antidiab\u00e9tiques (par exemple, les agonistes GLP-1, les agents antidiab\u00e9tiques oraux) peuvent \u00e9galement \u00eatre appropri\u00e9s.  <\/li>\n<li>Partagez ces messages avec les patients concern\u00e9s<\/li>\n<\/ul>\n<ol>\n<li>\u00c9vitez d\u2019arr\u00eater brusquement l\u2019insuline, car cela peut \u00eatre dangereux.<\/li>\n<li>Dans d\u2019autres pays (comme les \u00c9tats-Unis et l\u2019Australie), les insulines d\u2019origine animale ne sont plus offertes depuis le d\u00e9but des ann\u00e9es 2000<\/li>\n<li>Des \u00e9tudes r\u00e9centes ont montr\u00e9 qu\u2019il n\u2019y avait pas de danger \u00e0 passer d\u2019une insuline d\u2019origine animale \u00e0 une insuline synth\u00e9tique <sup style=\"font-size: 14px;\">4<\/sup>. Bien que ce ne soit pas forc\u00e9ment le cas pour tous les patients, il est important de noter qu\u2019il est parfois plus facile d\u2019obtenir une bonne observance avec une insuline d\u2019origine synth\u00e9tique4.<\/li>\n<li>es ressources suppl\u00e9mentaires pour les patients sont disponibles aupr\u00e8s de <strong><a href=\"https:\/\/www.canada.ca\/en\/health-canada.html\"><span>Sant\u00e9 Canada<\/span><\/a><\/strong> ou de <a href=\"https:\/\/www.diabetes.ca\/\"><span><strong>Diab\u00e8te Canada.<\/strong><\/span><\/a><\/li>\n<\/ol>\n<h4><strong><\/strong>LIRE LE GUIDE COMPLET : <a href=\"https:\/\/www.canada.ca\/en\/health-canada\/services\/drugs-health-products\/drug-products\/drug-shortages\/information-consumers\/supply-notices\/animal-sourced-insulin-discontinuation.html\"><strong><span style=\"text-decoration: underline;\">ANGLAIS<\/span><\/strong> <\/a><a href=\"\/wp-content\/uploads\/2025\/06\/Hypurin_Discontinuation_Brief_for_HCP.pdf\"><strong><span style=\"text-decoration: underline;\">(PDF)<\/span><\/strong> <\/a>| <a href=\"https:\/\/www.canada.ca\/fr\/sante-canada\/services\/medicaments-produits-sante\/medicaments\/penuries-medicaments\/information-consommateurs\/avis-approvisionnement\/arret-vente-insuline-origine-animale.html\">FRAN\u00c7AIS<\/a> <strong><a href=\"\/wp-content\/uploads\/2025\/06\/Hypurin_Discontinuation_Brief_for_HCP_FR.pdf\"><span style=\"text-decoration: underline;\">(PDF)<\/span><\/a><\/strong><\/h4>\n<p>La SCEM poursuivra sa collaboration avec Sant\u00e9 Canada et fournira toute nouvelle information d\u00e8s qu\u2019elle sera disponible. La d\u00e9fense de l\u2019acc\u00e8s aux m\u00e9dicaments pour les patients canadiens est une priorit\u00e9 essentielle pour la SCEM. <\/p>\n<p><em>Ces recommandations sont destin\u00e9es \u00e0 guider les professionnels de la sant\u00e9 dans le choix des alternatives et des strat\u00e9gies pour l\u2019arr\u00eat d\u2019un produit et ne sont pas destin\u00e9es \u00e0 remplacer l\u2019\u00e9valuation et le jugement cliniques. Les implications cliniques et op\u00e9rationnelles peuvent varier d\u2019un patient \u00e0 l\u2019autre ou d\u2019un \u00e9tablissement \u00e0 l\u2019autre. <\/em><\/p>\n<p>4. Garber, A. J., et al. \u201cImpact of transfer from animal-source insulins to biosynthetic human insulin (rDNA E coli) in patients with diabetes mellitus\u201d. Clinical therapeutics 13.5 (1991) : 627-636. https:\/\/pubmed.ncbi.nlm.nih.gov\/1799920\/.  https:\/\/pubmed.ncbi.nlm.nih.gov\/1799920\/.<\/p>\n<ul><\/ul>\n<p>[\/et_pb_text][\/et_pb_column][\/et_pb_row][\/et_pb_section]<\/p>\n","protected":false},"excerpt":{"rendered":"<p>18 mars 2025 Notice of animal-sourced insulin discontinuation and management strategies Wockhardt UK, e seul fournisseur mondial d\u2019insuline porcine actuellement en activit\u00e9, a inform\u00e9 Sant\u00e9 Canada qu\u2019il ne fournira plus [&hellip;]<\/p>\n","protected":false},"author":1,"featured_media":0,"parent":0,"menu_order":0,"comment_status":"closed","ping_status":"closed","template":"","meta":{"_et_pb_use_builder":"on","_et_pb_old_content":"","_et_gb_content_width":"","inline_featured_image":false,"footnotes":""},"class_list":["post-5594","page","type-page","status-publish","hentry"],"yoast_head":"<!-- This site is optimized with the Yoast SEO plugin v27.4 - https:\/\/yoast.com\/product\/yoast-seo-wordpress\/ -->\n<title>d\u2019Hypurin (insuline procine) - CSEM<\/title>\n<meta name=\"robots\" content=\"noindex, follow, max-snippet:-1, max-image-preview:large, max-video-preview:-1\" \/>\n<meta property=\"og:locale\" content=\"fr_FR\" \/>\n<meta property=\"og:type\" content=\"article\" \/>\n<meta property=\"og:title\" content=\"d\u2019Hypurin (insuline procine) - CSEM\" \/>\n<meta property=\"og:description\" content=\"18 mars 2025 Notice of animal-sourced insulin discontinuation and management strategies Wockhardt UK, e seul fournisseur mondial d\u2019insuline porcine actuellement en activit\u00e9, a inform\u00e9 Sant\u00e9 Canada qu\u2019il ne fournira plus [&hellip;]\" \/>\n<meta property=\"og:url\" content=\"https:\/\/csem.ubmepsilon.com\/fr\/dhypurin-insuline-procine\/\" \/>\n<meta property=\"og:site_name\" content=\"CSEM\" \/>\n<meta property=\"article:modified_time\" content=\"2025-10-19T15:52:50+00:00\" \/>\n<meta name=\"twitter:card\" content=\"summary_large_image\" \/>\n<meta name=\"twitter:site\" content=\"@CSEM_SCEM\" \/>\n<meta name=\"twitter:label1\" content=\"Dur\u00e9e de lecture estim\u00e9e\" \/>\n\t<meta name=\"twitter:data1\" content=\"6 minutes\" \/>\n<script type=\"application\/ld+json\" class=\"yoast-schema-graph\">{\"@context\":\"https:\\\/\\\/schema.org\",\"@graph\":[{\"@type\":\"WebPage\",\"@id\":\"https:\\\/\\\/csem.ubmepsilon.com\\\/fr\\\/dhypurin-insuline-procine\\\/\",\"url\":\"https:\\\/\\\/csem.ubmepsilon.com\\\/fr\\\/dhypurin-insuline-procine\\\/\",\"name\":\"d\u2019Hypurin (insuline procine) - CSEM\",\"isPartOf\":{\"@id\":\"https:\\\/\\\/csem.ubmepsilon.com\\\/fr\\\/#website\"},\"datePublished\":\"2025-06-11T09:30:23+00:00\",\"dateModified\":\"2025-10-19T15:52:50+00:00\",\"breadcrumb\":{\"@id\":\"https:\\\/\\\/csem.ubmepsilon.com\\\/fr\\\/dhypurin-insuline-procine\\\/#breadcrumb\"},\"inLanguage\":\"fr-FR\",\"potentialAction\":[{\"@type\":\"ReadAction\",\"target\":[\"https:\\\/\\\/csem.ubmepsilon.com\\\/fr\\\/dhypurin-insuline-procine\\\/\"]}]},{\"@type\":\"BreadcrumbList\",\"@id\":\"https:\\\/\\\/csem.ubmepsilon.com\\\/fr\\\/dhypurin-insuline-procine\\\/#breadcrumb\",\"itemListElement\":[{\"@type\":\"ListItem\",\"position\":1,\"name\":\"Home\",\"item\":\"https:\\\/\\\/csem.ubmepsilon.com\\\/fr\\\/\"},{\"@type\":\"ListItem\",\"position\":2,\"name\":\"d\u2019Hypurin (insuline procine)\"}]},{\"@type\":\"WebSite\",\"@id\":\"https:\\\/\\\/csem.ubmepsilon.com\\\/fr\\\/#website\",\"url\":\"https:\\\/\\\/csem.ubmepsilon.com\\\/fr\\\/\",\"name\":\"CSEM\",\"description\":\"The Canadian Society of Endocrinology and Metabolism\",\"publisher\":{\"@id\":\"https:\\\/\\\/csem.ubmepsilon.com\\\/fr\\\/#organization\"},\"potentialAction\":[{\"@type\":\"SearchAction\",\"target\":{\"@type\":\"EntryPoint\",\"urlTemplate\":\"https:\\\/\\\/csem.ubmepsilon.com\\\/fr\\\/?s={search_term_string}\"},\"query-input\":{\"@type\":\"PropertyValueSpecification\",\"valueRequired\":true,\"valueName\":\"search_term_string\"}}],\"inLanguage\":\"fr-FR\"},{\"@type\":\"Organization\",\"@id\":\"https:\\\/\\\/csem.ubmepsilon.com\\\/fr\\\/#organization\",\"name\":\"The Canadian Society of Endocrinology and Metabolism\",\"url\":\"https:\\\/\\\/csem.ubmepsilon.com\\\/fr\\\/\",\"logo\":{\"@type\":\"ImageObject\",\"inLanguage\":\"fr-FR\",\"@id\":\"https:\\\/\\\/csem.ubmepsilon.com\\\/fr\\\/#\\\/schema\\\/logo\\\/image\\\/\",\"url\":\"https:\\\/\\\/csem.ubmepsilon.com\\\/wp-content\\\/uploads\\\/2025\\\/03\\\/Primary-Logotype-scaled.webp\",\"contentUrl\":\"https:\\\/\\\/csem.ubmepsilon.com\\\/wp-content\\\/uploads\\\/2025\\\/03\\\/Primary-Logotype-scaled.webp\",\"width\":2560,\"height\":490,\"caption\":\"The Canadian Society of Endocrinology and Metabolism\"},\"image\":{\"@id\":\"https:\\\/\\\/csem.ubmepsilon.com\\\/fr\\\/#\\\/schema\\\/logo\\\/image\\\/\"},\"sameAs\":[\"https:\\\/\\\/x.com\\\/CSEM_SCEM\",\"https:\\\/\\\/www.instagram.com\\\/csem_scem\"]}]}<\/script>\n<!-- \/ Yoast SEO plugin. -->","yoast_head_json":{"title":"d\u2019Hypurin (insuline procine) - CSEM","robots":{"index":"noindex","follow":"follow","max-snippet":"max-snippet:-1","max-image-preview":"max-image-preview:large","max-video-preview":"max-video-preview:-1"},"og_locale":"fr_FR","og_type":"article","og_title":"d\u2019Hypurin (insuline procine) - CSEM","og_description":"18 mars 2025 Notice of animal-sourced insulin discontinuation and management strategies Wockhardt UK, e seul fournisseur mondial d\u2019insuline porcine actuellement en activit\u00e9, a inform\u00e9 Sant\u00e9 Canada qu\u2019il ne fournira plus [&hellip;]","og_url":"https:\/\/csem.ubmepsilon.com\/fr\/dhypurin-insuline-procine\/","og_site_name":"CSEM","article_modified_time":"2025-10-19T15:52:50+00:00","twitter_card":"summary_large_image","twitter_site":"@CSEM_SCEM","twitter_misc":{"Dur\u00e9e de lecture estim\u00e9e":"6 minutes"},"schema":{"@context":"https:\/\/schema.org","@graph":[{"@type":"WebPage","@id":"https:\/\/csem.ubmepsilon.com\/fr\/dhypurin-insuline-procine\/","url":"https:\/\/csem.ubmepsilon.com\/fr\/dhypurin-insuline-procine\/","name":"d\u2019Hypurin (insuline procine) - CSEM","isPartOf":{"@id":"https:\/\/csem.ubmepsilon.com\/fr\/#website"},"datePublished":"2025-06-11T09:30:23+00:00","dateModified":"2025-10-19T15:52:50+00:00","breadcrumb":{"@id":"https:\/\/csem.ubmepsilon.com\/fr\/dhypurin-insuline-procine\/#breadcrumb"},"inLanguage":"fr-FR","potentialAction":[{"@type":"ReadAction","target":["https:\/\/csem.ubmepsilon.com\/fr\/dhypurin-insuline-procine\/"]}]},{"@type":"BreadcrumbList","@id":"https:\/\/csem.ubmepsilon.com\/fr\/dhypurin-insuline-procine\/#breadcrumb","itemListElement":[{"@type":"ListItem","position":1,"name":"Home","item":"https:\/\/csem.ubmepsilon.com\/fr\/"},{"@type":"ListItem","position":2,"name":"d\u2019Hypurin (insuline procine)"}]},{"@type":"WebSite","@id":"https:\/\/csem.ubmepsilon.com\/fr\/#website","url":"https:\/\/csem.ubmepsilon.com\/fr\/","name":"CSEM","description":"The Canadian Society of Endocrinology and Metabolism","publisher":{"@id":"https:\/\/csem.ubmepsilon.com\/fr\/#organization"},"potentialAction":[{"@type":"SearchAction","target":{"@type":"EntryPoint","urlTemplate":"https:\/\/csem.ubmepsilon.com\/fr\/?s={search_term_string}"},"query-input":{"@type":"PropertyValueSpecification","valueRequired":true,"valueName":"search_term_string"}}],"inLanguage":"fr-FR"},{"@type":"Organization","@id":"https:\/\/csem.ubmepsilon.com\/fr\/#organization","name":"The Canadian Society of Endocrinology and Metabolism","url":"https:\/\/csem.ubmepsilon.com\/fr\/","logo":{"@type":"ImageObject","inLanguage":"fr-FR","@id":"https:\/\/csem.ubmepsilon.com\/fr\/#\/schema\/logo\/image\/","url":"https:\/\/csem.ubmepsilon.com\/wp-content\/uploads\/2025\/03\/Primary-Logotype-scaled.webp","contentUrl":"https:\/\/csem.ubmepsilon.com\/wp-content\/uploads\/2025\/03\/Primary-Logotype-scaled.webp","width":2560,"height":490,"caption":"The Canadian Society of Endocrinology and Metabolism"},"image":{"@id":"https:\/\/csem.ubmepsilon.com\/fr\/#\/schema\/logo\/image\/"},"sameAs":["https:\/\/x.com\/CSEM_SCEM","https:\/\/www.instagram.com\/csem_scem"]}]}},"publishpress_future_action":{"enabled":false,"date":"2026-04-26 13:18:27","action":"change-status","newStatus":"draft","terms":[],"taxonomy":"translation_priority","extraData":[]},"publishpress_future_workflow_manual_trigger":{"enabledWorkflows":[]},"_links":{"self":[{"href":"https:\/\/csem.ubmepsilon.com\/fr\/wp-json\/wp\/v2\/pages\/5594","targetHints":{"allow":["GET"]}}],"collection":[{"href":"https:\/\/csem.ubmepsilon.com\/fr\/wp-json\/wp\/v2\/pages"}],"about":[{"href":"https:\/\/csem.ubmepsilon.com\/fr\/wp-json\/wp\/v2\/types\/page"}],"author":[{"embeddable":true,"href":"https:\/\/csem.ubmepsilon.com\/fr\/wp-json\/wp\/v2\/users\/1"}],"replies":[{"embeddable":true,"href":"https:\/\/csem.ubmepsilon.com\/fr\/wp-json\/wp\/v2\/comments?post=5594"}],"version-history":[{"count":3,"href":"https:\/\/csem.ubmepsilon.com\/fr\/wp-json\/wp\/v2\/pages\/5594\/revisions"}],"predecessor-version":[{"id":5604,"href":"https:\/\/csem.ubmepsilon.com\/fr\/wp-json\/wp\/v2\/pages\/5594\/revisions\/5604"}],"wp:attachment":[{"href":"https:\/\/csem.ubmepsilon.com\/fr\/wp-json\/wp\/v2\/media?parent=5594"}],"curies":[{"name":"wp","href":"https:\/\/api.w.org\/{rel}","templated":true}]}}