{"id":4249,"date":"2025-03-06T12:23:47","date_gmt":"2025-03-06T17:23:47","guid":{"rendered":"https:\/\/csem.ubmepsilon.com\/a-propos-de-nous\/comite-des-lignes-directrices\/"},"modified":"2025-08-05T05:51:58","modified_gmt":"2025-08-05T09:51:58","slug":"comite-des-lignes-directrices","status":"publish","type":"page","link":"https:\/\/csem.ubmepsilon.com\/fr\/a-propos-de-nous\/comite-des-lignes-directrices\/","title":{"rendered":"Comit\u00e9 des lignes directrices"},"content":{"rendered":"<p>[et_pb_section fb_built=\u00a0\u00bb1&Prime; custom_padding_last_edited=\u00a0\u00bbon|tablet\u00a0\u00bb module_class=\u00a0\u00bbjoin-section\u00a0\u00bb _builder_version=\u00a0\u00bb4.27.4&Prime; _module_preset=\u00a0\u00bbdefault\u00a0\u00bb custom_padding=\u00a0\u00bb0px|20px|50px|20px|false|false\u00a0\u00bb custom_padding_tablet=\u00a0\u00bb20px|20px|20px|20px|false|false\u00a0\u00bb custom_padding_phone=\u00a0\u00bb20px|20px|20px|20px|false|false\u00a0\u00bb custom_css_main_element=\u00a0\u00bboverflow-x:hidden;\u00a0\u00bb da_disable_devices=\u00a0\u00bboff|off|off\u00a0\u00bb locked=\u00a0\u00bboff\u00a0\u00bb global_colors_info=\u00a0\u00bb{}\u00a0\u00bb da_is_popup=\u00a0\u00bboff\u00a0\u00bb da_exit_intent=\u00a0\u00bboff\u00a0\u00bb da_has_close=\u00a0\u00bbon\u00a0\u00bb da_alt_close=\u00a0\u00bboff\u00a0\u00bb da_dark_close=\u00a0\u00bboff\u00a0\u00bb da_not_modal=\u00a0\u00bbon\u00a0\u00bb da_is_singular=\u00a0\u00bboff\u00a0\u00bb da_with_loader=\u00a0\u00bboff\u00a0\u00bb da_has_shadow=\u00a0\u00bbon\u00a0\u00bb][et_pb_row column_structure=\u00a0\u00bb1_3,2_3&Prime; use_custom_gutter=\u00a0\u00bbon\u00a0\u00bb gutter_width=\u00a0\u00bb1&Prime; make_equal=\u00a0\u00bbon\u00a0\u00bb _builder_version=\u00a0\u00bb4.27.4&Prime; _module_preset=\u00a0\u00bbdefault\u00a0\u00bb width=\u00a0\u00bb100%\u00a0\u00bb custom_padding=\u00a0\u00bb0px||0px||false|false\u00a0\u00bb custom_css_main_element=\u00a0\u00bbdisplay: flex;||align-items: center;\u00a0\u00bb global_colors_info=\u00a0\u00bb{}\u00a0\u00bb custom_css_main_element_last_edited=\u00a0\u00bbon|desktop\u00a0\u00bb custom_css_main_element_tablet=\u00a0\u00bbflex-direction:column;\u00a0\u00bb custom_css_main_element_phone=\u00a0\u00bbflex-direction:column;\u00a0\u00bb][et_pb_column type=\u00a0\u00bb1_3&Prime; _builder_version=\u00a0\u00bb4.27.4&Prime; _module_preset=\u00a0\u00bbdefault\u00a0\u00bb background_enable_color=\u00a0\u00bboff\u00a0\u00bb custom_padding=\u00a0\u00bb100px|40px|100px|0px|true|false\u00a0\u00bb custom_padding_tablet=\u00a0\u00bb50px|60px|50px|60px|true|false\u00a0\u00bb custom_padding_phone=\u00a0\u00bb20px|53px|20px|53px|true|true\u00a0\u00bb custom_padding_last_edited=\u00a0\u00bbon|phone\u00a0\u00bb animation_style=\u00a0\u00bbslide\u00a0\u00bb animation_direction=\u00a0\u00bbleft\u00a0\u00bb custom_css_before=\u00a0\u00bbcontent:\u00a0\u00bb;||position: absolute;||width: calc(100% + 80px);||height: 100%;||top:0;||right:0px;||background:#203A56;||border-top-right-radius: 30px;||border-bottom-right-radius:30px;\u00a0\u00bb custom_css_main_element=\u00a0\u00bbdisplay: flex;||align-items:center;||position: relative;||justify-content:center;||padding-right: 50px;\u00a0\u00bb global_colors_info=\u00a0\u00bb{%22gcid-secondary-color%22:%91%22background_color%22%93}\u00a0\u00bb custom_css_before_last_edited=\u00a0\u00bbon|phone\u00a0\u00bb custom_css_before_phone=\u00a0\u00bbcontent:\u00a0\u00bb;||position: absolute;||width: calc(100% + 80px);||height: 100%;||top:0;||right:0px;||background:#203A56;||border-top-right-radius: 15px;||border-bottom-right-radius:15px;\u00a0\u00bb custom_css_before_tablet=\u00a0\u00bbcontent:\u00a0\u00bb;||position: absolute;||width: calc(100% + 80px);||height: 100%;||top:0;||right:0px;||background:#203A56;||border-top-right-radius: 30px;||border-bottom-right-radius:30px;\u00a0\u00bb][et_pb_heading title=\u00a0\u00bb@ET-DC@eyJkeW5hbWljIjp0cnVlLCJjb250ZW50IjoicG9zdF90aXRsZSIsInNldHRpbmdzIjp7ImJlZm9yZSI6IiIsImFmdGVyIjoiIiwiZW5hYmxlX2h0bWwiOiJvZmYifX0=@\u00a0\u00bb module_class=\u00a0\u00bbside-section-title\u00a0\u00bb _builder_version=\u00a0\u00bb4.27.4&Prime; _dynamic_attributes=\u00a0\u00bbtitle\u00a0\u00bb _module_preset=\u00a0\u00bbdefault\u00a0\u00bb title_level=\u00a0\u00bbh3&Prime; title_font=\u00a0\u00bb&#8211;et_global_heading_font|500|||||||\u00a0\u00bb title_text_align=\u00a0\u00bbcenter\u00a0\u00bb title_text_color=\u00a0\u00bb#FFFFFF\u00a0\u00bb title_font_size=\u00a0\u00bb40px\u00a0\u00bb title_line_height=\u00a0\u00bb56px\u00a0\u00bb custom_margin=\u00a0\u00bb||||false|false\u00a0\u00bb custom_padding=\u00a0\u00bb||0px||false|false\u00a0\u00bb custom_padding_tablet=\u00a0\u00bb||0px||false|false\u00a0\u00bb custom_padding_phone=\u00a0\u00bb||0px||false|false\u00a0\u00bb custom_padding_last_edited=\u00a0\u00bbon|phone\u00a0\u00bb title_font_size_tablet=\u00a0\u00bb32px\u00a0\u00bb title_font_size_phone=\u00a0\u00bb24px\u00a0\u00bb title_font_size_last_edited=\u00a0\u00bbon|phone\u00a0\u00bb title_line_height_tablet=\u00a0\u00bb42px\u00a0\u00bb title_line_height_phone=\u00a0\u00bb32px\u00a0\u00bb title_line_height_last_edited=\u00a0\u00bbon|tablet\u00a0\u00bb global_colors_info=\u00a0\u00bb{}\u00a0\u00bb][\/et_pb_heading][\/et_pb_column][et_pb_column type=\u00a0\u00bb2_3&Prime; _builder_version=\u00a0\u00bb4.27.4&Prime; _module_preset=\u00a0\u00bbdefault\u00a0\u00bb custom_padding=\u00a0\u00bb|||75px|false|false\u00a0\u00bb custom_padding_tablet=\u00a0\u00bb40px|20px||20px|false|false\u00a0\u00bb custom_padding_phone=\u00a0\u00bb20px|0px||0px|false|false\u00a0\u00bb custom_padding_last_edited=\u00a0\u00bbon|tablet\u00a0\u00bb global_colors_info=\u00a0\u00bb{}\u00a0\u00bb][et_pb_text module_class=\u00a0\u00bbabout-text\u00a0\u00bb _builder_version=\u00a0\u00bb4.27.4&Prime; _module_preset=\u00a0\u00bbdefault\u00a0\u00bb text_font=\u00a0\u00bb|600|||||||\u00a0\u00bb text_font_size=\u00a0\u00bb24px\u00a0\u00bb text_line_height=\u00a0\u00bb40px\u00a0\u00bb max_width=\u00a0\u00bb998px\u00a0\u00bb custom_margin=\u00a0\u00bb||0px||false|false\u00a0\u00bb custom_margin_tablet=\u00a0\u00bb||30px||false|false\u00a0\u00bb custom_margin_phone=\u00a0\u00bb||20px||false|false\u00a0\u00bb custom_margin_last_edited=\u00a0\u00bbon|phone\u00a0\u00bb animation_style=\u00a0\u00bbfade\u00a0\u00bb text_font_size_tablet=\u00a0\u00bb22px\u00a0\u00bb text_font_size_phone=\u00a0\u00bb18px\u00a0\u00bb text_font_size_last_edited=\u00a0\u00bbon|tablet\u00a0\u00bb text_line_height_tablet=\u00a0\u00bb32px\u00a0\u00bb text_line_height_phone=\u00a0\u00bb32px\u00a0\u00bb text_line_height_last_edited=\u00a0\u00bbon|desktop\u00a0\u00bb text_orientation_tablet=\u00a0\u00bb\u00a0\u00bb text_orientation_phone=\u00a0\u00bbcenter\u00a0\u00bb text_orientation_last_edited=\u00a0\u00bbon|phone\u00a0\u00bb global_colors_info=\u00a0\u00bb{}\u00a0\u00bb]<\/p>\n<p><span>\u00c9laborer des revues pour l&rsquo;examen des outils d&rsquo;approbation des pratiques, des d\u00e9clarations de consensus et des lignes directrices pour la pratique clinique. Le comit\u00e9 des lignes directrices encourage la pratique et la prise de d\u00e9cision fond\u00e9es sur des donn\u00e9es probantes au Canada.<\/span><\/p>\n<p>[\/et_pb_text][\/et_pb_column][\/et_pb_row][\/et_pb_section][et_pb_section fb_built=\u00a0\u00bb1&Prime; custom_padding_last_edited=\u00a0\u00bbon|tablet\u00a0\u00bb module_class=\u00a0\u00bbjoin-section\u00a0\u00bb _builder_version=\u00a0\u00bb4.27.4&Prime; _module_preset=\u00a0\u00bbdefault\u00a0\u00bb custom_padding=\u00a0\u00bb0px|20px|50px|20px|false|false\u00a0\u00bb custom_padding_tablet=\u00a0\u00bb20px|20px|20px|20px|false|false\u00a0\u00bb custom_padding_phone=\u00a0\u00bb20px|20px|20px|20px|false|false\u00a0\u00bb custom_css_main_element=\u00a0\u00bboverflow-x:hidden;\u00a0\u00bb da_disable_devices=\u00a0\u00bboff|off|off\u00a0\u00bb border_width_top=\u00a0\u00bb1px\u00a0\u00bb border_color_top=\u00a0\u00bb#ebebeb\u00a0\u00bb locked=\u00a0\u00bboff\u00a0\u00bb global_colors_info=\u00a0\u00bb{}\u00a0\u00bb da_is_popup=\u00a0\u00bboff\u00a0\u00bb da_exit_intent=\u00a0\u00bboff\u00a0\u00bb da_has_close=\u00a0\u00bbon\u00a0\u00bb da_alt_close=\u00a0\u00bboff\u00a0\u00bb da_dark_close=\u00a0\u00bboff\u00a0\u00bb da_not_modal=\u00a0\u00bbon\u00a0\u00bb da_is_singular=\u00a0\u00bboff\u00a0\u00bb da_with_loader=\u00a0\u00bboff\u00a0\u00bb da_has_shadow=\u00a0\u00bbon\u00a0\u00bb][et_pb_row use_custom_gutter=\u00a0\u00bbon\u00a0\u00bb gutter_width=\u00a0\u00bb1&Prime; custom_padding_last_edited=\u00a0\u00bbon|tablet\u00a0\u00bb _builder_version=\u00a0\u00bb4.27.4&Prime; _module_preset=\u00a0\u00bbdefault\u00a0\u00bb width=\u00a0\u00bb100%\u00a0\u00bb custom_padding=\u00a0\u00bb||0px||false|false\u00a0\u00bb custom_padding_tablet=\u00a0\u00bb0px||||false|false\u00a0\u00bb custom_padding_phone=\u00a0\u00bb0px||||false|false\u00a0\u00bb global_colors_info=\u00a0\u00bb{}\u00a0\u00bb][et_pb_column type=\u00a0\u00bb4_4&Prime; _builder_version=\u00a0\u00bb4.27.4&Prime; _module_preset=\u00a0\u00bbdefault\u00a0\u00bb global_colors_info=\u00a0\u00bb{}\u00a0\u00bb][et_pb_heading title=\u00a0\u00bbMembres du comit\u00e9 des lignes directrices\u00a0\u00bb disabled_on=\u00a0\u00bboff|off|off\u00a0\u00bb _builder_version=\u00a0\u00bb4.27.4&Prime; _module_preset=\u00a0\u00bbdefault\u00a0\u00bb title_level=\u00a0\u00bbh2&Prime; title_text_align=\u00a0\u00bbcenter\u00a0\u00bb custom_margin=\u00a0\u00bb0px||20px||false|false\u00a0\u00bb custom_padding=\u00a0\u00bb||||false|false\u00a0\u00bb animation_style=\u00a0\u00bbfade\u00a0\u00bb hover_enabled=\u00a0\u00bb0&Prime; title_font_size_tablet=\u00a0\u00bb24px\u00a0\u00bb title_font_size_phone=\u00a0\u00bb24px\u00a0\u00bb title_font_size_last_edited=\u00a0\u00bbon|tablet\u00a0\u00bb global_colors_info=\u00a0\u00bb{}\u00a0\u00bb sticky_enabled=\u00a0\u00bb0&Prime;][\/et_pb_heading][\/et_pb_column][\/et_pb_row][et_pb_row _builder_version=\u00a0\u00bb4.27.4&Prime; _module_preset=\u00a0\u00bbdefault\u00a0\u00bb width=\u00a0\u00bb100%\u00a0\u00bb max_width=\u00a0\u00bb1280px\u00a0\u00bb custom_padding=\u00a0\u00bb0px||0px||false|false\u00a0\u00bb global_colors_info=\u00a0\u00bb{}\u00a0\u00bb][et_pb_column type=\u00a0\u00bb4_4&Prime; _builder_version=\u00a0\u00bb4.27.4&Prime; _module_preset=\u00a0\u00bbdefault\u00a0\u00bb global_colors_info=\u00a0\u00bb{}\u00a0\u00bb][et_pb_code _builder_version=\u00a0\u00bb4.27.4&Prime; _module_preset=\u00a0\u00bbdefault\u00a0\u00bb animation_style=\u00a0\u00bbfade\u00a0\u00bb global_colors_info=\u00a0\u00bb{}\u00a0\u00bb]\n<div id=\"wpv-view-layout-706\" class=\"js-wpv-view-layout js-wpv-layout-responsive js-wpv-view-layout-706\" data-viewnumber=\"706\" data-pagination=\"{&quot;id&quot;:706,&quot;query&quot;:&quot;normal&quot;,&quot;type&quot;:&quot;disabled&quot;,&quot;effect&quot;:&quot;fade&quot;,&quot;duration&quot;:500,&quot;speed&quot;:5,&quot;pause_on_hover&quot;:&quot;enabled&quot;,&quot;stop_rollover&quot;:&quot;false&quot;,&quot;cache_pages&quot;:&quot;enabled&quot;,&quot;preload_images&quot;:&quot;enabled&quot;,&quot;preload_pages&quot;:&quot;enabled&quot;,&quot;preload_reach&quot;:1,&quot;spinner&quot;:&quot;builtin&quot;,&quot;spinner_image&quot;:&quot;https:\/\/csem.ubmepsilon.com\/wp-content\/plugins\/wp-views\/embedded\/res\/img\/ajax-loader.gif&quot;,&quot;callback_next&quot;:&quot;&quot;,&quot;manage_history&quot;:&quot;enabled&quot;,&quot;has_controls_in_form&quot;:&quot;disabled&quot;,&quot;infinite_tolerance&quot;:&quot;0&quot;,&quot;max_pages&quot;:0,&quot;page&quot;:1,&quot;base_permalink&quot;:&quot;\/fr\/wp-json\/wp\/v2\/pages\/4249?wpv_view_count=706&amp;wpv_paged=WPV_PAGE_NUM&quot;,&quot;loop&quot;:{&quot;type&quot;:&quot;&quot;,&quot;name&quot;:&quot;&quot;,&quot;data&quot;:[],&quot;id&quot;:0}}\" data-permalink=\"\/fr\/wp-json\/wp\/v2\/pages\/4249?wpv_view_count=706\">\n\n\t\n\t<div class=\"committee-member-row\">\n\t\n\t\t\n          <div class=\"comiittee-member-wrap\">\n<div class=\"committee-member-photo-wrap\">\n  \t\t<img loading=\"lazy\" decoding=\"async\" width=\"300\" height=\"270\" src=\"https:\/\/csem.ubmepsilon.com\/wp-content\/uploads\/2025\/05\/Ghosh-Mahua.jpg\" class=\"attachment-large committee-member-photo\" alt=\"\" title=\"Ghosh Mahua\" style=\"\" \/>\n   <\/div>\n<h4>Mahua Ghosh<\/h4>\n<div class=\"committee-member-position\">Pr\u00e9sidente<\/div>\n<div class=\"comiittee-member-link\">\n    <a href=\"https:\/\/csem.ubmepsilon.com\/fr\/committee-member\/mahua-ghosh\/\"><\/a>\n  <\/div>\n<\/div>\n\n\t\t\n          <div class=\"comiittee-member-wrap\">\n<div class=\"committee-member-photo-wrap\">\n  \t<img class='committee-member-photo'  decoding=\"async\" src=\"\/wp-content\/uploads\/2025\/03\/user2.png\" alt=\"user\">\n   <\/div>\n<h4>Karen Gomez-Hernandez<\/h4>\n<div class=\"comiittee-member-link\">\n    <a href=\"https:\/\/csem.ubmepsilon.com\/fr\/committee-member\/karen-gomez-hernandez\/\"><\/a>\n  <\/div>\n<\/div>\n\n\t\t\n          <div class=\"comiittee-member-wrap\">\n<div class=\"committee-member-photo-wrap\">\n  \t\t<img loading=\"lazy\" decoding=\"async\" width=\"300\" height=\"270\" src=\"https:\/\/csem.ubmepsilon.com\/wp-content\/uploads\/2025\/10\/Jay_Mohammad.jpg\" class=\"attachment-large committee-member-photo\" alt=\"\" title=\"Jay_Mohammad\" style=\"\" \/>\n   <\/div>\n<h4>Mohammad Jay<\/h4>\n<div class=\"committee-member-position\">R\u00e9sident<\/div>\n<div class=\"comiittee-member-link\">\n    <a href=\"https:\/\/csem.ubmepsilon.com\/fr\/committee-member\/mohammad-jay\/\"><\/a>\n  <\/div>\n<\/div>\n\n\t\t\n          <div class=\"comiittee-member-wrap\">\n<div class=\"committee-member-photo-wrap\">\n  \t\t<img loading=\"lazy\" decoding=\"async\" width=\"300\" height=\"270\" src=\"https:\/\/csem.ubmepsilon.com\/wp-content\/uploads\/2025\/03\/Samantha-Kellett.jpeg\" class=\"attachment-large committee-member-photo\" alt=\"\" title=\"Samantha Kellett\" style=\"\" \/>\n   <\/div>\n<h4>Samantha Kellett<\/h4>\n<div class=\"comiittee-member-link\">\n    <a href=\"https:\/\/csem.ubmepsilon.com\/fr\/committee-member\/samantha-kellett\/\"><\/a>\n  <\/div>\n<\/div>\n\n\t\t\n          <div class=\"comiittee-member-wrap\">\n<div class=\"committee-member-photo-wrap\">\n  \t\t<img loading=\"lazy\" decoding=\"async\" width=\"300\" height=\"270\" src=\"https:\/\/csem.ubmepsilon.com\/wp-content\/uploads\/2025\/05\/Khan_Aliya-1.jpg\" class=\"attachment-large committee-member-photo\" alt=\"\" title=\"Khan_Aliya\" style=\"\" \/>\n   <\/div>\n<h4>Aliya Khan<\/h4>\n<div class=\"comiittee-member-link\">\n    <a href=\"https:\/\/csem.ubmepsilon.com\/fr\/committee-member\/aliya-khan\/\"><\/a>\n  <\/div>\n<\/div>\n\n\t\t\n          <div class=\"comiittee-member-wrap\">\n<div class=\"committee-member-photo-wrap\">\n  \t<img class='committee-member-photo'  decoding=\"async\" src=\"\/wp-content\/uploads\/2025\/03\/user2.png\" alt=\"user\">\n   <\/div>\n<h4>Anna Lam<\/h4>\n<div class=\"comiittee-member-link\">\n    <a href=\"https:\/\/csem.ubmepsilon.com\/fr\/committee-member\/anna-lam\/\"><\/a>\n  <\/div>\n<\/div>\n\n\t\t\n          <div class=\"comiittee-member-wrap\">\n<div class=\"committee-member-photo-wrap\">\n  \t<img class='committee-member-photo'  decoding=\"async\" src=\"\/wp-content\/uploads\/2025\/03\/user2.png\" alt=\"user\">\n   <\/div>\n<h4>Eleana-Marie Lautatzis<\/h4>\n<div class=\"comiittee-member-link\">\n    <a href=\"https:\/\/csem.ubmepsilon.com\/fr\/committee-member\/eleana-marie-lautatzis\/\"><\/a>\n  <\/div>\n<\/div>\n\n\t\t\n          <div class=\"comiittee-member-wrap\">\n<div class=\"committee-member-photo-wrap\">\n  \t\t<img loading=\"lazy\" decoding=\"async\" width=\"300\" height=\"270\" src=\"https:\/\/csem.ubmepsilon.com\/wp-content\/uploads\/2025\/10\/PIsani_Serena.jpg\" class=\"attachment-large committee-member-photo\" alt=\"\" title=\"PIsani_Serena\" style=\"\" \/>\n   <\/div>\n<h4>Serena Pisani<\/h4>\n<div class=\"comiittee-member-link\">\n    <a href=\"https:\/\/csem.ubmepsilon.com\/fr\/committee-member\/serena-pisani\/\"><\/a>\n  <\/div>\n<\/div>\n\n\t\t\n          <div class=\"comiittee-member-wrap\">\n<div class=\"committee-member-photo-wrap\">\n  \t<img class='committee-member-photo'  decoding=\"async\" src=\"\/wp-content\/uploads\/2025\/03\/user2.png\" alt=\"user\">\n   <\/div>\n<h4>Judy Qiang<\/h4>\n<div class=\"comiittee-member-link\">\n    <a href=\"https:\/\/csem.ubmepsilon.com\/fr\/committee-member\/judy-qiang\/\"><\/a>\n  <\/div>\n<\/div>\n\n\t\t\n          <div class=\"comiittee-member-wrap\">\n<div class=\"committee-member-photo-wrap\">\n  \t\t<img loading=\"lazy\" decoding=\"async\" width=\"300\" height=\"270\" src=\"https:\/\/csem.ubmepsilon.com\/wp-content\/uploads\/2025\/10\/Samaan_Constatine.jpg\" class=\"attachment-large committee-member-photo\" alt=\"\" title=\"Samaan_Constatine\" style=\"\" \/>\n   <\/div>\n<h4>Constantine Samaan<\/h4>\n<div class=\"comiittee-member-link\">\n    <a href=\"https:\/\/csem.ubmepsilon.com\/fr\/committee-member\/constantine-samaan\/\"><\/a>\n  <\/div>\n<\/div>\n\n\t\t\n          <div class=\"comiittee-member-wrap\">\n<div class=\"committee-member-photo-wrap\">\n  \t<img class='committee-member-photo'  decoding=\"async\" src=\"\/wp-content\/uploads\/2025\/03\/user2.png\" alt=\"user\">\n   <\/div>\n<h4>Toru Tateno<\/h4>\n<div class=\"comiittee-member-link\">\n    <a href=\"https:\/\/csem.ubmepsilon.com\/fr\/committee-member\/toru-tateno\/\"><\/a>\n  <\/div>\n<\/div>\n\n\t\t\n          <div class=\"comiittee-member-wrap\">\n<div class=\"committee-member-photo-wrap\">\n  \t\t<img loading=\"lazy\" decoding=\"async\" width=\"300\" height=\"270\" src=\"https:\/\/csem.ubmepsilon.com\/wp-content\/uploads\/2025\/05\/Yi-Churn2025s.jpg\" class=\"attachment-large committee-member-photo\" alt=\"\" title=\"Yi-Churn2025s\" style=\"\" \/>\n   <\/div>\n<h4>Churn-Ern Yip<\/h4>\n<div class=\"comiittee-member-link\">\n    <a href=\"https:\/\/csem.ubmepsilon.com\/fr\/committee-member\/churn-ern-yip\/\"><\/a>\n  <\/div>\n<\/div>\n\n\t\t\n\t\n    <\/div>\n\t\n\t\n<\/div>\n[\/et_pb_code][\/et_pb_column][\/et_pb_row][\/et_pb_section]<\/p>\n","protected":false},"excerpt":{"rendered":"<p>\u00c9laborer des revues pour l&rsquo;examen des outils d&rsquo;approbation des pratiques, des d\u00e9clarations de consensus et des lignes directrices pour la pratique clinique. Le comit\u00e9 des lignes directrices encourage la pratique [&hellip;]<\/p>\n","protected":false},"author":1,"featured_media":0,"parent":4204,"menu_order":0,"comment_status":"closed","ping_status":"closed","template":"","meta":{"_et_pb_use_builder":"on","_et_pb_old_content":"","_et_gb_content_width":"","inline_featured_image":false,"footnotes":""},"class_list":["post-4249","page","type-page","status-publish","hentry"],"yoast_head":"<!-- This site is optimized with the Yoast SEO plugin v27.4 - https:\/\/yoast.com\/product\/yoast-seo-wordpress\/ -->\n<title>Comit\u00e9 des lignes directrices - CSEM<\/title>\n<meta name=\"robots\" content=\"noindex, follow, max-snippet:-1, max-image-preview:large, max-video-preview:-1\" \/>\n<meta property=\"og:locale\" content=\"fr_FR\" \/>\n<meta property=\"og:type\" content=\"article\" \/>\n<meta property=\"og:title\" content=\"Comit\u00e9 des lignes directrices - CSEM\" \/>\n<meta property=\"og:description\" content=\"\u00c9laborer des revues pour l&#039;examen des outils d&#039;approbation des pratiques, des d\u00e9clarations de consensus et des lignes directrices pour la pratique clinique. Le comit\u00e9 des lignes directrices encourage la pratique [&hellip;]\" \/>\n<meta property=\"og:url\" content=\"https:\/\/csem.ubmepsilon.com\/fr\/a-propos-de-nous\/comite-des-lignes-directrices\/\" \/>\n<meta property=\"og:site_name\" content=\"CSEM\" \/>\n<meta property=\"article:modified_time\" content=\"2025-08-05T09:51:58+00:00\" \/>\n<meta name=\"twitter:card\" content=\"summary_large_image\" \/>\n<meta name=\"twitter:site\" content=\"@CSEM_SCEM\" \/>\n<meta name=\"twitter:label1\" content=\"Dur\u00e9e de lecture estim\u00e9e\" \/>\n\t<meta name=\"twitter:data1\" content=\"5 minutes\" \/>\n<script type=\"application\/ld+json\" class=\"yoast-schema-graph\">{\"@context\":\"https:\\\/\\\/schema.org\",\"@graph\":[{\"@type\":\"WebPage\",\"@id\":\"https:\\\/\\\/csem.ubmepsilon.com\\\/fr\\\/a-propos-de-nous\\\/comite-des-lignes-directrices\\\/\",\"url\":\"https:\\\/\\\/csem.ubmepsilon.com\\\/fr\\\/a-propos-de-nous\\\/comite-des-lignes-directrices\\\/\",\"name\":\"Comit\u00e9 des lignes directrices - CSEM\",\"isPartOf\":{\"@id\":\"https:\\\/\\\/csem.ubmepsilon.com\\\/fr\\\/#website\"},\"datePublished\":\"2025-03-06T17:23:47+00:00\",\"dateModified\":\"2025-08-05T09:51:58+00:00\",\"breadcrumb\":{\"@id\":\"https:\\\/\\\/csem.ubmepsilon.com\\\/fr\\\/a-propos-de-nous\\\/comite-des-lignes-directrices\\\/#breadcrumb\"},\"inLanguage\":\"fr-FR\",\"potentialAction\":[{\"@type\":\"ReadAction\",\"target\":[\"https:\\\/\\\/csem.ubmepsilon.com\\\/fr\\\/a-propos-de-nous\\\/comite-des-lignes-directrices\\\/\"]}]},{\"@type\":\"BreadcrumbList\",\"@id\":\"https:\\\/\\\/csem.ubmepsilon.com\\\/fr\\\/a-propos-de-nous\\\/comite-des-lignes-directrices\\\/#breadcrumb\",\"itemListElement\":[{\"@type\":\"ListItem\",\"position\":1,\"name\":\"Home\",\"item\":\"https:\\\/\\\/csem.ubmepsilon.com\\\/fr\\\/\"},{\"@type\":\"ListItem\",\"position\":2,\"name\":\"\u00c0 propos de nous\",\"item\":\"https:\\\/\\\/csem.ubmepsilon.com\\\/fr\\\/a-propos-de-nous\\\/\"},{\"@type\":\"ListItem\",\"position\":3,\"name\":\"Comit\u00e9 des lignes directrices\"}]},{\"@type\":\"WebSite\",\"@id\":\"https:\\\/\\\/csem.ubmepsilon.com\\\/fr\\\/#website\",\"url\":\"https:\\\/\\\/csem.ubmepsilon.com\\\/fr\\\/\",\"name\":\"CSEM\",\"description\":\"The Canadian Society of Endocrinology and Metabolism\",\"publisher\":{\"@id\":\"https:\\\/\\\/csem.ubmepsilon.com\\\/fr\\\/#organization\"},\"potentialAction\":[{\"@type\":\"SearchAction\",\"target\":{\"@type\":\"EntryPoint\",\"urlTemplate\":\"https:\\\/\\\/csem.ubmepsilon.com\\\/fr\\\/?s={search_term_string}\"},\"query-input\":{\"@type\":\"PropertyValueSpecification\",\"valueRequired\":true,\"valueName\":\"search_term_string\"}}],\"inLanguage\":\"fr-FR\"},{\"@type\":\"Organization\",\"@id\":\"https:\\\/\\\/csem.ubmepsilon.com\\\/fr\\\/#organization\",\"name\":\"The Canadian Society of Endocrinology and Metabolism\",\"url\":\"https:\\\/\\\/csem.ubmepsilon.com\\\/fr\\\/\",\"logo\":{\"@type\":\"ImageObject\",\"inLanguage\":\"fr-FR\",\"@id\":\"https:\\\/\\\/csem.ubmepsilon.com\\\/fr\\\/#\\\/schema\\\/logo\\\/image\\\/\",\"url\":\"https:\\\/\\\/csem.ubmepsilon.com\\\/wp-content\\\/uploads\\\/2025\\\/03\\\/Primary-Logotype-scaled.webp\",\"contentUrl\":\"https:\\\/\\\/csem.ubmepsilon.com\\\/wp-content\\\/uploads\\\/2025\\\/03\\\/Primary-Logotype-scaled.webp\",\"width\":2560,\"height\":490,\"caption\":\"The Canadian Society of Endocrinology and Metabolism\"},\"image\":{\"@id\":\"https:\\\/\\\/csem.ubmepsilon.com\\\/fr\\\/#\\\/schema\\\/logo\\\/image\\\/\"},\"sameAs\":[\"https:\\\/\\\/x.com\\\/CSEM_SCEM\",\"https:\\\/\\\/www.instagram.com\\\/csem_scem\"]}]}<\/script>\n<!-- \/ Yoast SEO plugin. -->","yoast_head_json":{"title":"Comit\u00e9 des lignes directrices - CSEM","robots":{"index":"noindex","follow":"follow","max-snippet":"max-snippet:-1","max-image-preview":"max-image-preview:large","max-video-preview":"max-video-preview:-1"},"og_locale":"fr_FR","og_type":"article","og_title":"Comit\u00e9 des lignes directrices - CSEM","og_description":"\u00c9laborer des revues pour l'examen des outils d'approbation des pratiques, des d\u00e9clarations de consensus et des lignes directrices pour la pratique clinique. Le comit\u00e9 des lignes directrices encourage la pratique [&hellip;]","og_url":"https:\/\/csem.ubmepsilon.com\/fr\/a-propos-de-nous\/comite-des-lignes-directrices\/","og_site_name":"CSEM","article_modified_time":"2025-08-05T09:51:58+00:00","twitter_card":"summary_large_image","twitter_site":"@CSEM_SCEM","twitter_misc":{"Dur\u00e9e de lecture estim\u00e9e":"5 minutes"},"schema":{"@context":"https:\/\/schema.org","@graph":[{"@type":"WebPage","@id":"https:\/\/csem.ubmepsilon.com\/fr\/a-propos-de-nous\/comite-des-lignes-directrices\/","url":"https:\/\/csem.ubmepsilon.com\/fr\/a-propos-de-nous\/comite-des-lignes-directrices\/","name":"Comit\u00e9 des lignes directrices - CSEM","isPartOf":{"@id":"https:\/\/csem.ubmepsilon.com\/fr\/#website"},"datePublished":"2025-03-06T17:23:47+00:00","dateModified":"2025-08-05T09:51:58+00:00","breadcrumb":{"@id":"https:\/\/csem.ubmepsilon.com\/fr\/a-propos-de-nous\/comite-des-lignes-directrices\/#breadcrumb"},"inLanguage":"fr-FR","potentialAction":[{"@type":"ReadAction","target":["https:\/\/csem.ubmepsilon.com\/fr\/a-propos-de-nous\/comite-des-lignes-directrices\/"]}]},{"@type":"BreadcrumbList","@id":"https:\/\/csem.ubmepsilon.com\/fr\/a-propos-de-nous\/comite-des-lignes-directrices\/#breadcrumb","itemListElement":[{"@type":"ListItem","position":1,"name":"Home","item":"https:\/\/csem.ubmepsilon.com\/fr\/"},{"@type":"ListItem","position":2,"name":"\u00c0 propos de nous","item":"https:\/\/csem.ubmepsilon.com\/fr\/a-propos-de-nous\/"},{"@type":"ListItem","position":3,"name":"Comit\u00e9 des lignes directrices"}]},{"@type":"WebSite","@id":"https:\/\/csem.ubmepsilon.com\/fr\/#website","url":"https:\/\/csem.ubmepsilon.com\/fr\/","name":"CSEM","description":"The Canadian Society of Endocrinology and Metabolism","publisher":{"@id":"https:\/\/csem.ubmepsilon.com\/fr\/#organization"},"potentialAction":[{"@type":"SearchAction","target":{"@type":"EntryPoint","urlTemplate":"https:\/\/csem.ubmepsilon.com\/fr\/?s={search_term_string}"},"query-input":{"@type":"PropertyValueSpecification","valueRequired":true,"valueName":"search_term_string"}}],"inLanguage":"fr-FR"},{"@type":"Organization","@id":"https:\/\/csem.ubmepsilon.com\/fr\/#organization","name":"The Canadian Society of Endocrinology and Metabolism","url":"https:\/\/csem.ubmepsilon.com\/fr\/","logo":{"@type":"ImageObject","inLanguage":"fr-FR","@id":"https:\/\/csem.ubmepsilon.com\/fr\/#\/schema\/logo\/image\/","url":"https:\/\/csem.ubmepsilon.com\/wp-content\/uploads\/2025\/03\/Primary-Logotype-scaled.webp","contentUrl":"https:\/\/csem.ubmepsilon.com\/wp-content\/uploads\/2025\/03\/Primary-Logotype-scaled.webp","width":2560,"height":490,"caption":"The Canadian Society of Endocrinology and Metabolism"},"image":{"@id":"https:\/\/csem.ubmepsilon.com\/fr\/#\/schema\/logo\/image\/"},"sameAs":["https:\/\/x.com\/CSEM_SCEM","https:\/\/www.instagram.com\/csem_scem"]}]}},"publishpress_future_action":{"enabled":false,"date":"2026-04-24 11:54:52","action":"change-status","newStatus":"draft","terms":[],"taxonomy":"translation_priority","extraData":[]},"publishpress_future_workflow_manual_trigger":{"enabledWorkflows":[]},"_links":{"self":[{"href":"https:\/\/csem.ubmepsilon.com\/fr\/wp-json\/wp\/v2\/pages\/4249","targetHints":{"allow":["GET"]}}],"collection":[{"href":"https:\/\/csem.ubmepsilon.com\/fr\/wp-json\/wp\/v2\/pages"}],"about":[{"href":"https:\/\/csem.ubmepsilon.com\/fr\/wp-json\/wp\/v2\/types\/page"}],"author":[{"embeddable":true,"href":"https:\/\/csem.ubmepsilon.com\/fr\/wp-json\/wp\/v2\/users\/1"}],"replies":[{"embeddable":true,"href":"https:\/\/csem.ubmepsilon.com\/fr\/wp-json\/wp\/v2\/comments?post=4249"}],"version-history":[{"count":4,"href":"https:\/\/csem.ubmepsilon.com\/fr\/wp-json\/wp\/v2\/pages\/4249\/revisions"}],"predecessor-version":[{"id":4253,"href":"https:\/\/csem.ubmepsilon.com\/fr\/wp-json\/wp\/v2\/pages\/4249\/revisions\/4253"}],"up":[{"embeddable":true,"href":"https:\/\/csem.ubmepsilon.com\/fr\/wp-json\/wp\/v2\/pages\/4204"}],"wp:attachment":[{"href":"https:\/\/csem.ubmepsilon.com\/fr\/wp-json\/wp\/v2\/media?parent=4249"}],"curies":[{"name":"wp","href":"https:\/\/api.w.org\/{rel}","templated":true}]}}