{"id":4082,"date":"2025-04-10T12:52:15","date_gmt":"2025-04-10T16:52:15","guid":{"rendered":"https:\/\/csem.ubmepsilon.com\/activites-de-dpc-a-venir\/"},"modified":"2025-07-04T14:18:22","modified_gmt":"2025-07-04T18:18:22","slug":"activites-de-dpc-a-venir","status":"publish","type":"page","link":"https:\/\/csem.ubmepsilon.com\/fr\/education\/developpement-professionnel-continu\/activites-de-dpc-a-venir\/","title":{"rendered":"Activit\u00e9s de DPC \u00e0 venir"},"content":{"rendered":"<p>[et_pb_section fb_built=\u00a0\u00bb1&Prime; custom_padding_last_edited=\u00a0\u00bbon|tablet\u00a0\u00bb admin_label=\u00a0\u00bbSection\u00a0\u00bb module_class=\u00a0\u00bbjoin-section\u00a0\u00bb _builder_version=\u00a0\u00bb4.27.4&Prime; _module_preset=\u00a0\u00bbdefault\u00a0\u00bb custom_padding=\u00a0\u00bb0px|20px|50px|20px|false|false\u00a0\u00bb custom_padding_tablet=\u00a0\u00bb20px|20px|20px|20px|false|false\u00a0\u00bb custom_padding_phone=\u00a0\u00bb20px|20px|20px|20px|false|false\u00a0\u00bb custom_css_main_element=\u00a0\u00bboverflow-x:hidden;\u00a0\u00bb da_disable_devices=\u00a0\u00bboff|off|off\u00a0\u00bb global_colors_info=\u00a0\u00bb{}\u00a0\u00bb da_is_popup=\u00a0\u00bboff\u00a0\u00bb da_exit_intent=\u00a0\u00bboff\u00a0\u00bb da_has_close=\u00a0\u00bbon\u00a0\u00bb da_alt_close=\u00a0\u00bboff\u00a0\u00bb da_dark_close=\u00a0\u00bboff\u00a0\u00bb da_not_modal=\u00a0\u00bbon\u00a0\u00bb da_is_singular=\u00a0\u00bboff\u00a0\u00bb da_with_loader=\u00a0\u00bboff\u00a0\u00bb da_has_shadow=\u00a0\u00bbon\u00a0\u00bb][et_pb_row use_custom_gutter=\u00a0\u00bbon\u00a0\u00bb gutter_width=\u00a0\u00bb1&Prime; make_equal=\u00a0\u00bbon\u00a0\u00bb _builder_version=\u00a0\u00bb4.27.4&Prime; _module_preset=\u00a0\u00bbdefault\u00a0\u00bb width=\u00a0\u00bb100%\u00a0\u00bb custom_padding=\u00a0\u00bb0px||0px||false|false\u00a0\u00bb custom_css_main_element=\u00a0\u00bbdisplay: flex;||align-items: center;\u00a0\u00bb global_colors_info=\u00a0\u00bb{}\u00a0\u00bb custom_css_main_element_last_edited=\u00a0\u00bbon|desktop\u00a0\u00bb custom_css_main_element_tablet=\u00a0\u00bbflex-direction:column;\u00a0\u00bb custom_css_main_element_phone=\u00a0\u00bbflex-direction:column;\u00a0\u00bb][et_pb_column type=\u00a0\u00bb4_4&Prime; _builder_version=\u00a0\u00bb4.27.4&Prime; _module_preset=\u00a0\u00bbdefault\u00a0\u00bb background_enable_color=\u00a0\u00bboff\u00a0\u00bb custom_padding=\u00a0\u00bb100px|40px|100px|0px|true|false\u00a0\u00bb custom_padding_tablet=\u00a0\u00bb50px|60px|50px|60px|true|false\u00a0\u00bb custom_padding_phone=\u00a0\u00bb20px|53px|20px|53px|true|true\u00a0\u00bb custom_padding_last_edited=\u00a0\u00bbon|phone\u00a0\u00bb animation_style=\u00a0\u00bbfade\u00a0\u00bb animation_direction=\u00a0\u00bbleft\u00a0\u00bb custom_css_before=\u00a0\u00bbcontent:\u00a0\u00bb;||position: absolute;||width: calc(100% + 80px);||height: 100%;||top:0;||right:0px;||background:#203A56;||border-top-right-radius: 30px;||border-bottom-right-radius:30px;\u00a0\u00bb custom_css_main_element=\u00a0\u00bbdisplay: flex;||align-items:center;||position: relative;||justify-content:center;||padding-right: 50px;\u00a0\u00bb global_colors_info=\u00a0\u00bb{%22gcid-secondary-color%22:%91%22background_color%22%93}\u00a0\u00bb custom_css_before_last_edited=\u00a0\u00bbon|phone\u00a0\u00bb custom_css_before_phone=\u00a0\u00bbcontent:\u00a0\u00bb;||position: absolute;||width: calc(100% + 80px);||height: 100%;||top:0;||right:0px;||background:#203A56;||border-top-right-radius: 15px;||border-bottom-right-radius:15px;\u00a0\u00bb custom_css_before_tablet=\u00a0\u00bbcontent:\u00a0\u00bb;||position: absolute;||width: calc(100% + 80px);||height: 100%;||top:0;||right:0px;||background:#203A56;||border-top-right-radius: 30px;||border-bottom-right-radius:30px;\u00a0\u00bb][et_pb_heading title=\u00a0\u00bb@ET-DC@eyJkeW5hbWljIjp0cnVlLCJjb250ZW50IjoicG9zdF90aXRsZSIsInNldHRpbmdzIjp7ImJlZm9yZSI6IiIsImFmdGVyIjoiIiwiZW5hYmxlX2h0bWwiOiJvZmYifX0=@\u00a0\u00bb module_class=\u00a0\u00bbside-section-title\u00a0\u00bb _builder_version=\u00a0\u00bb4.27.4&Prime; _dynamic_attributes=\u00a0\u00bbtitle\u00a0\u00bb _module_preset=\u00a0\u00bbdefault\u00a0\u00bb title_level=\u00a0\u00bbh3&Prime; title_font=\u00a0\u00bb&#8211;et_global_heading_font|500|||||||\u00a0\u00bb title_text_align=\u00a0\u00bbcenter\u00a0\u00bb title_text_color=\u00a0\u00bb#FFFFFF\u00a0\u00bb title_font_size=\u00a0\u00bb40px\u00a0\u00bb title_line_height=\u00a0\u00bb56px\u00a0\u00bb custom_margin=\u00a0\u00bb||||false|false\u00a0\u00bb custom_padding=\u00a0\u00bb||0px||false|false\u00a0\u00bb custom_padding_tablet=\u00a0\u00bb||0px||false|false\u00a0\u00bb custom_padding_phone=\u00a0\u00bb||0px||false|false\u00a0\u00bb custom_padding_last_edited=\u00a0\u00bbon|phone\u00a0\u00bb title_font_size_tablet=\u00a0\u00bb32px\u00a0\u00bb title_font_size_phone=\u00a0\u00bb24px\u00a0\u00bb title_font_size_last_edited=\u00a0\u00bbon|phone\u00a0\u00bb title_line_height_tablet=\u00a0\u00bb42px\u00a0\u00bb title_line_height_phone=\u00a0\u00bb32px\u00a0\u00bb title_line_height_last_edited=\u00a0\u00bbon|tablet\u00a0\u00bb global_colors_info=\u00a0\u00bb{}\u00a0\u00bb][\/et_pb_heading][\/et_pb_column][\/et_pb_row][\/et_pb_section][et_pb_section fb_built=\u00a0\u00bb1&Prime; disabled_on=\u00a0\u00bboff|off|off\u00a0\u00bb module_class=\u00a0\u00bbaward-row\u00a0\u00bb _builder_version=\u00a0\u00bb4.27.4&Prime; _module_preset=\u00a0\u00bbdefault\u00a0\u00bb background_color=\u00a0\u00bbrgba(32,58,86,0.03)\u00a0\u00bb custom_padding=\u00a0\u00bb50px|20px|50px|20px|false|true\u00a0\u00bb da_disable_devices=\u00a0\u00bboff|off|off\u00a0\u00bb border_width_top=\u00a0\u00bb1px\u00a0\u00bb border_color_top=\u00a0\u00bb#ebebeb\u00a0\u00bb locked=\u00a0\u00bboff\u00a0\u00bb global_colors_info=\u00a0\u00bb{}\u00a0\u00bb da_is_popup=\u00a0\u00bboff\u00a0\u00bb da_exit_intent=\u00a0\u00bboff\u00a0\u00bb da_has_close=\u00a0\u00bbon\u00a0\u00bb da_alt_close=\u00a0\u00bboff\u00a0\u00bb da_dark_close=\u00a0\u00bboff\u00a0\u00bb da_not_modal=\u00a0\u00bbon\u00a0\u00bb da_is_singular=\u00a0\u00bboff\u00a0\u00bb da_with_loader=\u00a0\u00bboff\u00a0\u00bb da_has_shadow=\u00a0\u00bbon\u00a0\u00bb][et_pb_row use_custom_gutter=\u00a0\u00bbon\u00a0\u00bb make_equal=\u00a0\u00bbon\u00a0\u00bb custom_padding_last_edited=\u00a0\u00bbon|phone\u00a0\u00bb disabled_on=\u00a0\u00bboff|off|off\u00a0\u00bb module_class=\u00a0\u00bbaward-row\u00a0\u00bb _builder_version=\u00a0\u00bb4.27.4&Prime; _module_preset=\u00a0\u00bbdefault\u00a0\u00bb background_color=\u00a0\u00bb#FFFFFF\u00a0\u00bb width=\u00a0\u00bb100%\u00a0\u00bb width_tablet=\u00a0\u00bb100%\u00a0\u00bb width_phone=\u00a0\u00bb100%\u00a0\u00bb width_last_edited=\u00a0\u00bbon|phone\u00a0\u00bb max_width=\u00a0\u00bb1080px\u00a0\u00bb custom_margin=\u00a0\u00bb0px||0px||false|false\u00a0\u00bb custom_margin_tablet=\u00a0\u00bb0px||0px||false|false\u00a0\u00bb custom_margin_phone=\u00a0\u00bb||||false|true\u00a0\u00bb custom_margin_last_edited=\u00a0\u00bbon|phone\u00a0\u00bb custom_padding=\u00a0\u00bb30px|30px|30px|30px|true|true\u00a0\u00bb custom_padding_tablet=\u00a0\u00bb||||false|false\u00a0\u00bb custom_padding_phone=\u00a0\u00bb20px|20px||20px|false|true\u00a0\u00bb border_radii=\u00a0\u00bbon|20px|20px|20px|20px\u00a0\u00bb box_shadow_style=\u00a0\u00bbpreset1&Prime; box_shadow_color=\u00a0\u00bbrgba(0,0,0,0.05)\u00a0\u00bb global_colors_info=\u00a0\u00bb{}\u00a0\u00bb][et_pb_column type=\u00a0\u00bb4_4&Prime; _builder_version=\u00a0\u00bb4.27.4&Prime; _module_preset=\u00a0\u00bbdefault\u00a0\u00bb global_colors_info=\u00a0\u00bb{}\u00a0\u00bb][et_pb_heading title=\u00a0\u00bbIl n&#039;y a pas d&#039;activit\u00e9s de DPC \u00e0 venir pour le moment.\u00a0\u00bb _builder_version=\u00a0\u00bb4.27.4&Prime; _module_preset=\u00a0\u00bbdefault\u00a0\u00bb title_level=\u00a0\u00bbh3&Prime; title_text_align=\u00a0\u00bbcenter\u00a0\u00bb custom_padding=\u00a0\u00bb||||true|true\u00a0\u00bb title_font_size_tablet=\u00a0\u00bb24px\u00a0\u00bb title_font_size_phone=\u00a0\u00bb20px\u00a0\u00bb title_font_size_last_edited=\u00a0\u00bbon|phone\u00a0\u00bb global_colors_info=\u00a0\u00bb{}\u00a0\u00bb][\/et_pb_heading][et_pb_text _builder_version=\u00a0\u00bb4.27.4&Prime; _module_preset=\u00a0\u00bbdefault\u00a0\u00bb text_line_height=\u00a0\u00bb24px\u00a0\u00bb text_font_size_tablet=\u00a0\u00bb14px\u00a0\u00bb text_font_size_phone=\u00a0\u00bb12px\u00a0\u00bb text_font_size_last_edited=\u00a0\u00bbon|phone\u00a0\u00bb global_colors_info=\u00a0\u00bb{}\u00a0\u00bb]<\/p>\n<p style=\"text-align: center;\"><span>Revenez bient\u00f4t ou consultez notre calendrier ci-dessous pour conna\u00eetre les \u00e9v\u00e9nements \u00e0 venir !<\/span><\/p>\n<p>[\/et_pb_text][\/et_pb_column][\/et_pb_row][\/et_pb_section][et_pb_section fb_built=\u00a0\u00bb1&Prime; custom_padding_last_edited=\u00a0\u00bbon|tablet\u00a0\u00bb module_class=\u00a0\u00bbjoin-section\u00a0\u00bb _builder_version=\u00a0\u00bb4.27.4&Prime; _module_preset=\u00a0\u00bbdefault\u00a0\u00bb custom_padding=\u00a0\u00bb50px|20px|50px|20px|false|false\u00a0\u00bb custom_padding_tablet=\u00a0\u00bb20px|20px|20px|20px|false|false\u00a0\u00bb custom_padding_phone=\u00a0\u00bb20px|20px|20px|20px|false|false\u00a0\u00bb da_disable_devices=\u00a0\u00bboff|off|off\u00a0\u00bb border_width_top=\u00a0\u00bb1px\u00a0\u00bb border_color_top=\u00a0\u00bb#ebebeb\u00a0\u00bb border_width_bottom=\u00a0\u00bb1px\u00a0\u00bb border_color_bottom=\u00a0\u00bb#ebebeb\u00a0\u00bb locked=\u00a0\u00bboff\u00a0\u00bb global_colors_info=\u00a0\u00bb{}\u00a0\u00bb da_is_popup=\u00a0\u00bboff\u00a0\u00bb da_exit_intent=\u00a0\u00bboff\u00a0\u00bb da_has_close=\u00a0\u00bbon\u00a0\u00bb da_alt_close=\u00a0\u00bboff\u00a0\u00bb da_dark_close=\u00a0\u00bboff\u00a0\u00bb da_not_modal=\u00a0\u00bbon\u00a0\u00bb da_is_singular=\u00a0\u00bboff\u00a0\u00bb da_with_loader=\u00a0\u00bboff\u00a0\u00bb da_has_shadow=\u00a0\u00bbon\u00a0\u00bb][et_pb_row _builder_version=\u00a0\u00bb4.27.4&Prime; _module_preset=\u00a0\u00bbdefault\u00a0\u00bb width=\u00a0\u00bb100%\u00a0\u00bb custom_padding=\u00a0\u00bb0px||0px||false|false\u00a0\u00bb global_colors_info=\u00a0\u00bb{}\u00a0\u00bb disabled_on=\u00a0\u00bbon|on|on\u00a0\u00bb disabled=\u00a0\u00bbon\u00a0\u00bb][et_pb_column type=\u00a0\u00bb4_4&Prime; _builder_version=\u00a0\u00bb4.27.4&Prime; _module_preset=\u00a0\u00bbdefault\u00a0\u00bb global_colors_info=\u00a0\u00bb{}\u00a0\u00bb][et_pb_heading title=\u00a0\u00bbCalendrier des \u00e9v\u00e9nements du CSEM\u00a0\u00bb _builder_version=\u00a0\u00bb4.27.4&Prime; _module_preset=\u00a0\u00bbdefault\u00a0\u00bb title_level=\u00a0\u00bbh3&Prime; title_text_align=\u00a0\u00bbcenter\u00a0\u00bb global_colors_info=\u00a0\u00bb{}\u00a0\u00bb][\/et_pb_heading][et_pb_code _builder_version=\u00a0\u00bb4.27.4&Prime; _module_preset=\u00a0\u00bbdefault\u00a0\u00bb global_colors_info=\u00a0\u00bb{}\u00a0\u00bb]<\/p>\n<style><!-- [et_pb_line_break_holder] -->    .calendar-legend-wrap{<!-- [et_pb_line_break_holder] -->        margin-top: 30px;<!-- [et_pb_line_break_holder] -->        display: grid;<!-- [et_pb_line_break_holder] -->        padding: 0 20px;<!-- [et_pb_line_break_holder] -->        max-width: 1216px;<!-- [et_pb_line_break_holder] -->        margin-left: auto;<!-- [et_pb_line_break_holder] -->        margin-right: auto;<!-- [et_pb_line_break_holder] -->        grid-template-columns: repeat(auto-fill, minmax(300px, 1fr));<!-- [et_pb_line_break_holder] -->        grid-gap: 20px;<!-- [et_pb_line_break_holder] -->    }<!-- [et_pb_line_break_holder] -->    .calendar-legend{<!-- [et_pb_line_break_holder] -->        display: flex;<!-- [et_pb_line_break_holder] -->        grid-gap: 10px;<!-- [et_pb_line_break_holder] -->        align-items: center;<!-- [et_pb_line_break_holder] -->    }<!-- [et_pb_line_break_holder] -->    .calendar-legend__color{<!-- [et_pb_line_break_holder] -->        display :flex;<!-- [et_pb_line_break_holder] -->        width: 25px;<!-- [et_pb_line_break_holder] -->        height: 25px;<!-- [et_pb_line_break_holder] -->        border:1px solid #ebebeb;<!-- [et_pb_line_break_holder] -->    }<!-- [et_pb_line_break_holder] -->    .blue-bg{<!-- [et_pb_line_break_holder] -->        background:rgb(0, 46, 89);<!-- [et_pb_line_break_holder] -->    }<!-- [et_pb_line_break_holder] -->    .red-bg{<!-- [et_pb_line_break_holder] -->        background:rgb(141, 0, 52);<!-- [et_pb_line_break_holder] -->    }<!-- [et_pb_line_break_holder] -->    .orange-bg{<!-- [et_pb_line_break_holder] -->        background:rgb(247, 146, 30);<!-- [et_pb_line_break_holder] -->    }<!-- [et_pb_line_break_holder] -->    .green-bg{<!-- [et_pb_line_break_holder] -->        background:rgb(120, 149, 44);<!-- [et_pb_line_break_holder] -->    }<!-- [et_pb_line_break_holder] -->    .purple-bg{<!-- [et_pb_line_break_holder] -->        background:rgb(119, 124, 133)<!-- [et_pb_line_break_holder] -->    }<!-- [et_pb_line_break_holder] -->    .dead-bg{<!-- [et_pb_line_break_holder] -->        background: red;<!-- [et_pb_line_break_holder] -->    }<!-- [et_pb_line_break_holder] -->\t.violet-bg{<!-- [et_pb_line_break_holder] -->\t\tbackground:#a779cf;<!-- [et_pb_line_break_holder] -->\t}<!-- [et_pb_line_break_holder] --><\/style>\n<p><!-- [et_pb_line_break_holder] --><!-- [et_pb_line_break_holder] --><\/p>\n<div class=\"calendar-legend-wrap\"><!-- [et_pb_line_break_holder] -->    <\/p>\n<div class=\"calendar-legend\"><!-- [et_pb_line_break_holder] -->        <\/p>\n<div class=\"calendar-legend__color blue-bg\"><\/div>\n<p><!-- [et_pb_line_break_holder] -->        <\/p>\n<div class=\"calendar-legend__category\">CSEM CPD<\/div>\n<p><!-- [et_pb_line_break_holder] -->    <\/div>\n<p><!-- [et_pb_line_break_holder] -->    <\/p>\n<div class=\"calendar-legend\"><!-- [et_pb_line_break_holder] -->        <\/p>\n<div class=\"calendar-legend__color green-bg\"><\/div>\n<p><!-- [et_pb_line_break_holder] -->        <\/p>\n<div class=\"calendar-legend__category\">CSEM Accredited Event<\/div>\n<p><!-- [et_pb_line_break_holder] -->    <\/div>\n<p><!-- [et_pb_line_break_holder] -->    <\/p>\n<div class=\"calendar-legend\"><!-- [et_pb_line_break_holder] -->        <\/p>\n<div class=\"calendar-legend__color red-bg\"><\/div>\n<p><!-- [et_pb_line_break_holder] -->        <\/p>\n<div class=\"calendar-legend__category\">R\u00e9union des partenaires<\/div>\n<p><!-- [et_pb_line_break_holder] -->    <\/div>\n<p><!-- [et_pb_line_break_holder] -->    <\/p>\n<div class=\"calendar-legend\"><!-- [et_pb_line_break_holder] -->        <\/p>\n<div class=\"calendar-legend__color purple-bg\"><\/div>\n<p><!-- [et_pb_line_break_holder] -->        <\/p>\n<div class=\"calendar-legend__category\">Endocrinologie canadienne<\/div>\n<p><!-- [et_pb_line_break_holder] -->    <\/div>\n<p><!-- [et_pb_line_break_holder] -->    <\/p>\n<div class=\"calendar-legend\"><!-- [et_pb_line_break_holder] -->        <\/p>\n<div class=\"calendar-legend__color orange-bg\"><\/div>\n<p><!-- [et_pb_line_break_holder] -->        <\/p>\n<div class=\"calendar-legend__category\">Endocrinologie internationale<\/div>\n<p><!-- [et_pb_line_break_holder] -->    <\/div>\n<p><!-- [et_pb_line_break_holder] -->      <\/p>\n<div class=\"calendar-legend\"><!-- [et_pb_line_break_holder] -->        <\/p>\n<div class=\"calendar-legend__color dead-bg\"><\/div>\n<p><!-- [et_pb_line_break_holder] -->        <\/p>\n<div class=\"calendar-legend__category\">Dates limites importantes<\/div>\n<p><!-- [et_pb_line_break_holder] -->    <\/div>\n<p><!-- [et_pb_line_break_holder] -->\t  <\/p>\n<div class=\"calendar-legend\"><!-- [et_pb_line_break_holder] -->        <\/p>\n<div class=\"calendar-legend__color violet-bg\"><\/div>\n<p><!-- [et_pb_line_break_holder] -->        <\/p>\n<div class=\"calendar-legend__category\">Besoin d&rsquo;\u00eatre \u00e9tiquet\u00e9<\/div>\n<p><!-- [et_pb_line_break_holder] -->    <\/div>\n<p><!-- [et_pb_line_break_holder] --><!-- [et_pb_line_break_holder] --><\/div>\n<p>[\/et_pb_code][\/et_pb_column][\/et_pb_row][et_pb_row _builder_version=\u00a0\u00bb4.27.4&Prime; _module_preset=\u00a0\u00bbdefault\u00a0\u00bb width=\u00a0\u00bb100%\u00a0\u00bb custom_padding=\u00a0\u00bb0px||121px||false|false\u00a0\u00bb global_colors_info=\u00a0\u00bb{}\u00a0\u00bb][et_pb_column type=\u00a0\u00bb4_4&Prime; _builder_version=\u00a0\u00bb4.27.4&Prime; _module_preset=\u00a0\u00bbdefault\u00a0\u00bb global_colors_info=\u00a0\u00bb{}\u00a0\u00bb][et_pb_code _builder_version=\u00a0\u00bb4.27.4&Prime; _module_preset=\u00a0\u00bbdefault\u00a0\u00bb global_colors_info=\u00a0\u00bb{}\u00a0\u00bb][tribe_events view=\u00a0\u00bbmonth\u00a0\u00bb][\/et_pb_code][\/et_pb_column][\/et_pb_row][\/et_pb_section]<\/p>\n","protected":false},"excerpt":{"rendered":"<p>Revenez bient\u00f4t ou consultez notre calendrier ci-dessous pour conna\u00eetre les \u00e9v\u00e9nements \u00e0 venir ![tribe_events view=\u00a0\u00bbmonth\u00a0\u00bb]<\/p>\n","protected":false},"author":1,"featured_media":0,"parent":4017,"menu_order":0,"comment_status":"closed","ping_status":"closed","template":"","meta":{"_et_pb_use_builder":"on","_et_pb_old_content":"","_et_gb_content_width":"","inline_featured_image":false,"footnotes":""},"class_list":["post-4082","page","type-page","status-publish","hentry"],"yoast_head":"<!-- This site is optimized with the Yoast SEO plugin v27.4 - https:\/\/yoast.com\/product\/yoast-seo-wordpress\/ -->\n<title>Activit\u00e9s de DPC \u00e0 venir - CSEM<\/title>\n<meta name=\"robots\" content=\"noindex, follow, max-snippet:-1, max-image-preview:large, max-video-preview:-1\" \/>\n<meta property=\"og:locale\" content=\"fr_FR\" \/>\n<meta property=\"og:type\" content=\"article\" \/>\n<meta property=\"og:title\" content=\"Activit\u00e9s de DPC \u00e0 venir - CSEM\" \/>\n<meta property=\"og:description\" content=\"Revenez bient\u00f4t ou consultez notre calendrier ci-dessous pour conna\u00eetre les \u00e9v\u00e9nements \u00e0 venir ![tribe_events view=&quot;month&quot;]\" \/>\n<meta property=\"og:url\" content=\"https:\/\/csem.ubmepsilon.com\/fr\/education\/developpement-professionnel-continu\/activites-de-dpc-a-venir\/\" \/>\n<meta property=\"og:site_name\" content=\"CSEM\" \/>\n<meta property=\"article:modified_time\" content=\"2025-07-04T18:18:22+00:00\" \/>\n<meta name=\"twitter:card\" content=\"summary_large_image\" \/>\n<meta name=\"twitter:site\" content=\"@CSEM_SCEM\" \/>\n<meta name=\"twitter:label1\" content=\"Dur\u00e9e de lecture estim\u00e9e\" \/>\n\t<meta name=\"twitter:data1\" content=\"5 minutes\" \/>\n<script type=\"application\/ld+json\" class=\"yoast-schema-graph\">{\"@context\":\"https:\\\/\\\/schema.org\",\"@graph\":[{\"@type\":\"WebPage\",\"@id\":\"https:\\\/\\\/csem.ubmepsilon.com\\\/fr\\\/education\\\/developpement-professionnel-continu\\\/activites-de-dpc-a-venir\\\/\",\"url\":\"https:\\\/\\\/csem.ubmepsilon.com\\\/fr\\\/education\\\/developpement-professionnel-continu\\\/activites-de-dpc-a-venir\\\/\",\"name\":\"Activit\u00e9s de DPC \u00e0 venir - CSEM\",\"isPartOf\":{\"@id\":\"https:\\\/\\\/csem.ubmepsilon.com\\\/fr\\\/#website\"},\"datePublished\":\"2025-04-10T16:52:15+00:00\",\"dateModified\":\"2025-07-04T18:18:22+00:00\",\"breadcrumb\":{\"@id\":\"https:\\\/\\\/csem.ubmepsilon.com\\\/fr\\\/education\\\/developpement-professionnel-continu\\\/activites-de-dpc-a-venir\\\/#breadcrumb\"},\"inLanguage\":\"fr-FR\",\"potentialAction\":[{\"@type\":\"ReadAction\",\"target\":[\"https:\\\/\\\/csem.ubmepsilon.com\\\/fr\\\/education\\\/developpement-professionnel-continu\\\/activites-de-dpc-a-venir\\\/\"]}]},{\"@type\":\"BreadcrumbList\",\"@id\":\"https:\\\/\\\/csem.ubmepsilon.com\\\/fr\\\/education\\\/developpement-professionnel-continu\\\/activites-de-dpc-a-venir\\\/#breadcrumb\",\"itemListElement\":[{\"@type\":\"ListItem\",\"position\":1,\"name\":\"Home\",\"item\":\"https:\\\/\\\/csem.ubmepsilon.com\\\/fr\\\/\"},{\"@type\":\"ListItem\",\"position\":2,\"name\":\"\u00c9ducation\",\"item\":\"https:\\\/\\\/csem.ubmepsilon.com\\\/fr\\\/education\\\/\"},{\"@type\":\"ListItem\",\"position\":3,\"name\":\"DPC\",\"item\":\"https:\\\/\\\/csem.ubmepsilon.com\\\/fr\\\/education\\\/developpement-professionnel-continu\\\/\"},{\"@type\":\"ListItem\",\"position\":4,\"name\":\"Activit\u00e9s de DPC \u00e0 venir\"}]},{\"@type\":\"WebSite\",\"@id\":\"https:\\\/\\\/csem.ubmepsilon.com\\\/fr\\\/#website\",\"url\":\"https:\\\/\\\/csem.ubmepsilon.com\\\/fr\\\/\",\"name\":\"CSEM\",\"description\":\"The Canadian Society of Endocrinology and Metabolism\",\"publisher\":{\"@id\":\"https:\\\/\\\/csem.ubmepsilon.com\\\/fr\\\/#organization\"},\"potentialAction\":[{\"@type\":\"SearchAction\",\"target\":{\"@type\":\"EntryPoint\",\"urlTemplate\":\"https:\\\/\\\/csem.ubmepsilon.com\\\/fr\\\/?s={search_term_string}\"},\"query-input\":{\"@type\":\"PropertyValueSpecification\",\"valueRequired\":true,\"valueName\":\"search_term_string\"}}],\"inLanguage\":\"fr-FR\"},{\"@type\":\"Organization\",\"@id\":\"https:\\\/\\\/csem.ubmepsilon.com\\\/fr\\\/#organization\",\"name\":\"The Canadian Society of Endocrinology and Metabolism\",\"url\":\"https:\\\/\\\/csem.ubmepsilon.com\\\/fr\\\/\",\"logo\":{\"@type\":\"ImageObject\",\"inLanguage\":\"fr-FR\",\"@id\":\"https:\\\/\\\/csem.ubmepsilon.com\\\/fr\\\/#\\\/schema\\\/logo\\\/image\\\/\",\"url\":\"https:\\\/\\\/csem.ubmepsilon.com\\\/wp-content\\\/uploads\\\/2025\\\/03\\\/Primary-Logotype-scaled.webp\",\"contentUrl\":\"https:\\\/\\\/csem.ubmepsilon.com\\\/wp-content\\\/uploads\\\/2025\\\/03\\\/Primary-Logotype-scaled.webp\",\"width\":2560,\"height\":490,\"caption\":\"The Canadian Society of Endocrinology and Metabolism\"},\"image\":{\"@id\":\"https:\\\/\\\/csem.ubmepsilon.com\\\/fr\\\/#\\\/schema\\\/logo\\\/image\\\/\"},\"sameAs\":[\"https:\\\/\\\/x.com\\\/CSEM_SCEM\",\"https:\\\/\\\/www.instagram.com\\\/csem_scem\"]}]}<\/script>\n<!-- \/ Yoast SEO plugin. -->","yoast_head_json":{"title":"Activit\u00e9s de DPC \u00e0 venir - CSEM","robots":{"index":"noindex","follow":"follow","max-snippet":"max-snippet:-1","max-image-preview":"max-image-preview:large","max-video-preview":"max-video-preview:-1"},"og_locale":"fr_FR","og_type":"article","og_title":"Activit\u00e9s de DPC \u00e0 venir - CSEM","og_description":"Revenez bient\u00f4t ou consultez notre calendrier ci-dessous pour conna\u00eetre les \u00e9v\u00e9nements \u00e0 venir ![tribe_events view=\"month\"]","og_url":"https:\/\/csem.ubmepsilon.com\/fr\/education\/developpement-professionnel-continu\/activites-de-dpc-a-venir\/","og_site_name":"CSEM","article_modified_time":"2025-07-04T18:18:22+00:00","twitter_card":"summary_large_image","twitter_site":"@CSEM_SCEM","twitter_misc":{"Dur\u00e9e de lecture estim\u00e9e":"5 minutes"},"schema":{"@context":"https:\/\/schema.org","@graph":[{"@type":"WebPage","@id":"https:\/\/csem.ubmepsilon.com\/fr\/education\/developpement-professionnel-continu\/activites-de-dpc-a-venir\/","url":"https:\/\/csem.ubmepsilon.com\/fr\/education\/developpement-professionnel-continu\/activites-de-dpc-a-venir\/","name":"Activit\u00e9s de DPC \u00e0 venir - CSEM","isPartOf":{"@id":"https:\/\/csem.ubmepsilon.com\/fr\/#website"},"datePublished":"2025-04-10T16:52:15+00:00","dateModified":"2025-07-04T18:18:22+00:00","breadcrumb":{"@id":"https:\/\/csem.ubmepsilon.com\/fr\/education\/developpement-professionnel-continu\/activites-de-dpc-a-venir\/#breadcrumb"},"inLanguage":"fr-FR","potentialAction":[{"@type":"ReadAction","target":["https:\/\/csem.ubmepsilon.com\/fr\/education\/developpement-professionnel-continu\/activites-de-dpc-a-venir\/"]}]},{"@type":"BreadcrumbList","@id":"https:\/\/csem.ubmepsilon.com\/fr\/education\/developpement-professionnel-continu\/activites-de-dpc-a-venir\/#breadcrumb","itemListElement":[{"@type":"ListItem","position":1,"name":"Home","item":"https:\/\/csem.ubmepsilon.com\/fr\/"},{"@type":"ListItem","position":2,"name":"\u00c9ducation","item":"https:\/\/csem.ubmepsilon.com\/fr\/education\/"},{"@type":"ListItem","position":3,"name":"DPC","item":"https:\/\/csem.ubmepsilon.com\/fr\/education\/developpement-professionnel-continu\/"},{"@type":"ListItem","position":4,"name":"Activit\u00e9s de DPC \u00e0 venir"}]},{"@type":"WebSite","@id":"https:\/\/csem.ubmepsilon.com\/fr\/#website","url":"https:\/\/csem.ubmepsilon.com\/fr\/","name":"CSEM","description":"The Canadian Society of Endocrinology and Metabolism","publisher":{"@id":"https:\/\/csem.ubmepsilon.com\/fr\/#organization"},"potentialAction":[{"@type":"SearchAction","target":{"@type":"EntryPoint","urlTemplate":"https:\/\/csem.ubmepsilon.com\/fr\/?s={search_term_string}"},"query-input":{"@type":"PropertyValueSpecification","valueRequired":true,"valueName":"search_term_string"}}],"inLanguage":"fr-FR"},{"@type":"Organization","@id":"https:\/\/csem.ubmepsilon.com\/fr\/#organization","name":"The Canadian Society of Endocrinology and Metabolism","url":"https:\/\/csem.ubmepsilon.com\/fr\/","logo":{"@type":"ImageObject","inLanguage":"fr-FR","@id":"https:\/\/csem.ubmepsilon.com\/fr\/#\/schema\/logo\/image\/","url":"https:\/\/csem.ubmepsilon.com\/wp-content\/uploads\/2025\/03\/Primary-Logotype-scaled.webp","contentUrl":"https:\/\/csem.ubmepsilon.com\/wp-content\/uploads\/2025\/03\/Primary-Logotype-scaled.webp","width":2560,"height":490,"caption":"The Canadian Society of Endocrinology and Metabolism"},"image":{"@id":"https:\/\/csem.ubmepsilon.com\/fr\/#\/schema\/logo\/image\/"},"sameAs":["https:\/\/x.com\/CSEM_SCEM","https:\/\/www.instagram.com\/csem_scem"]}]}},"publishpress_future_action":{"enabled":false,"date":"2026-04-28 17:49:00","action":"change-status","newStatus":"draft","terms":[],"taxonomy":"translation_priority","extraData":[]},"publishpress_future_workflow_manual_trigger":{"enabledWorkflows":[]},"_links":{"self":[{"href":"https:\/\/csem.ubmepsilon.com\/fr\/wp-json\/wp\/v2\/pages\/4082","targetHints":{"allow":["GET"]}}],"collection":[{"href":"https:\/\/csem.ubmepsilon.com\/fr\/wp-json\/wp\/v2\/pages"}],"about":[{"href":"https:\/\/csem.ubmepsilon.com\/fr\/wp-json\/wp\/v2\/types\/page"}],"author":[{"embeddable":true,"href":"https:\/\/csem.ubmepsilon.com\/fr\/wp-json\/wp\/v2\/users\/1"}],"replies":[{"embeddable":true,"href":"https:\/\/csem.ubmepsilon.com\/fr\/wp-json\/wp\/v2\/comments?post=4082"}],"version-history":[{"count":2,"href":"https:\/\/csem.ubmepsilon.com\/fr\/wp-json\/wp\/v2\/pages\/4082\/revisions"}],"predecessor-version":[{"id":4084,"href":"https:\/\/csem.ubmepsilon.com\/fr\/wp-json\/wp\/v2\/pages\/4082\/revisions\/4084"}],"up":[{"embeddable":true,"href":"https:\/\/csem.ubmepsilon.com\/fr\/wp-json\/wp\/v2\/pages\/4017"}],"wp:attachment":[{"href":"https:\/\/csem.ubmepsilon.com\/fr\/wp-json\/wp\/v2\/media?parent=4082"}],"curies":[{"name":"wp","href":"https:\/\/api.w.org\/{rel}","templated":true}]}}